{"id":156,"date":"2020-04-10T02:24:28","date_gmt":"2020-04-10T07:24:28","guid":{"rendered":"http:\/\/farmaciaveterinarialaconquista.com\/index.php\/producto\/import-placeholder-for-388\/"},"modified":"2025-09-20T15:10:03","modified_gmt":"2025-09-20T21:10:03","slug":"nf-180-nf-blister-12-tbs","status":"publish","type":"product","link":"https:\/\/farmaciaveterinarialaconquista.com\/index.php\/producto\/nf-180-nf-blister-12-tbs\/","title":{"rendered":"NF 180 NF bl\u00edster 12 tbs"},"content":{"rendered":"<p><strong>F\u00f3rmula:<\/strong><\/p>\n<p>Norfloxacina 40 mg.<\/p>\n<p>Excipiente c.b.p. 1 tableta.<\/p>\n<p><strong>Uso en:<\/strong><\/p>\n<p><span class=\"imgIpp\"><img src=\"http:\/\/www.plmconnection.com\/plmservices\/VetSearchEngine\/M%C3%A9xico\/PEV39\/img\/porcino.png\" alt=\"\" \/>\u00a0<img src=\"http:\/\/www.plmconnection.com\/plmservices\/VetSearchEngine\/M%C3%A9xico\/PEV39\/img\/gallina.png\" alt=\"\" \/>\u00a0 \u00a0 \u00a0<\/span><img src=\"http:\/\/www.plmconnection.com\/plmservices\/VetSearchEngine\/M%C3%A9xico\/PEV39\/img\/gallo.png\" \/><\/p>\n<p><strong>V\u00eda de administraci\u00f3n:<\/strong><\/p>\n<p>Oral<\/p>\n<p><strong>Descripci\u00f3n:<\/strong><\/p>\n<p>Fluorquinolona de amplio espectro y acci\u00f3n que inhibe la s\u00edntesis del DNA-girasa de las bacterias, ejerciendo un efecto bactericida; indicado en el tratamiento, prevenci\u00f3n y control de infecciones bacterianas e infecciones causadas por micoplasmas de las v\u00edas respiratorias, digestivas y urinarias en aves de engorda y cerdos.<\/p>\n<p>Es eficaz contra Salmonella spp., Salmonella cholerasuis, Pasteurella multocida, Haemophilus spp., Mycoplasma spp. y observa una actividad notable contra Escherichia coli.<\/p>\n<p>Su gran capacidad de difusi\u00f3n celular permite tratar infecciones intracelulares como micoplasmosis y salmonelosis.<\/p>\n<p>Es un antibi\u00f3tico con presentaci\u00f3n en tabletas con efecto bactericida (muerte bacteriana) perteneciente al grupo de las quinolonas de tercera generaci\u00f3n presentando una acci\u00f3n r\u00e1pida y efectiva sobre las infecciones m\u00e1s comunes que afectan a las aves y los cerdos.<\/p>\n<p>Hidroliza directamente al acido desoxirribonucleico, Bloquea al DNAgirasa, Bactericida y bloque procesos de reparaci\u00f3n de las bacterias.<\/p>\n<p><strong>Dosis:<\/strong><\/p>\n<p>20 mg\/kg de peso (1\/2 tableta por kg de peso) con intervalos de dosificaci\u00f3n de 24 horas por el tiempo requerido.<\/p>\n<p><strong>Advertencias:<\/strong><\/p>\n<p>No utilizar este producto 12 d\u00edas antes del sacrificio de los animales destinados para consumo humano.<\/p>\n<p>No se deje al alcance de los ni\u00f1os. Cons\u00e9rvese en lugar fresco, seco y protegido de la luz<\/p>\n","protected":false},"excerpt":{"rendered":"<p>F\u00f3rmula: Norfloxacina 40 mg. Excipiente c.b.p. 1 tableta. Uso en: \u00a0\u00a0 \u00a0 \u00a0 V\u00eda de administraci\u00f3n: Oral Descripci\u00f3n: Fluorquinolona de amplio espectro y acci\u00f3n que inhibe la s\u00edntesis del DNA-girasa de las bacterias, ejerciendo un efecto bactericida; indicado en el tratamiento, prevenci\u00f3n y control de infecciones bacterianas e infecciones causadas por micoplasmas de las v\u00edas [&hellip;]<\/p>\n","protected":false},"featured_media":199,"comment_status":"open","ping_status":"closed","template":"","meta":{"_et_pb_use_builder":"","_et_pb_old_content":"","_et_gb_content_width":"","spay_email":""},"_links":{"self":[{"href":"https:\/\/farmaciaveterinarialaconquista.com\/index.php\/wp-json\/wp\/v2\/product\/156"}],"collection":[{"href":"https:\/\/farmaciaveterinarialaconquista.com\/index.php\/wp-json\/wp\/v2\/product"}],"about":[{"href":"https:\/\/farmaciaveterinarialaconquista.com\/index.php\/wp-json\/wp\/v2\/types\/product"}],"replies":[{"embeddable":true,"href":"https:\/\/farmaciaveterinarialaconquista.com\/index.php\/wp-json\/wp\/v2\/comments?post=156"}],"wp:featuredmedia":[{"embeddable":true,"href":"https:\/\/farmaciaveterinarialaconquista.com\/index.php\/wp-json\/wp\/v2\/media\/199"}],"wp:attachment":[{"href":"https:\/\/farmaciaveterinarialaconquista.com\/index.php\/wp-json\/wp\/v2\/media?parent=156"}],"curies":[{"name":"wp","href":"https:\/\/api.w.org\/{rel}","templated":true}]}}