{"id":155,"date":"2020-04-10T02:24:28","date_gmt":"2020-04-10T07:24:28","guid":{"rendered":"http:\/\/farmaciaveterinarialaconquista.com\/index.php\/producto\/import-placeholder-for-387\/"},"modified":"2025-09-20T15:09:38","modified_gmt":"2025-09-20T21:09:38","slug":"necain-10-ml","status":"publish","type":"product","link":"https:\/\/farmaciaveterinarialaconquista.com\/index.php\/producto\/necain-10-ml\/","title":{"rendered":"Necain 10 ml"},"content":{"rendered":"<p><strong>F\u00f3rmula:<\/strong><\/p>\n<p>Sulfato de neomicina 7 mg<\/p>\n<p>Dexametasona 21 fosfato 0.5 mg<\/p>\n<p>Veh\u00edculo, c.b.p. 1 ml.<\/p>\n<p><strong>Uso en:<\/strong><\/p>\n<p><img src=\"http:\/\/www.plmconnection.com\/plmservices\/VetSearchEngine\/M%C3%A9xico\/PEV39\/img\/perro.png\" \/> <img src=\"http:\/\/www.plmconnection.com\/plmservices\/VetSearchEngine\/M%C3%A9xico\/PEV39\/img\/gato.png\" \/><\/p>\n<p><strong>V\u00eda de administraci\u00f3n:<\/strong><\/p>\n<p>Oft\u00e1lmica y \u00f3tica.<\/p>\n<p><strong>Descripci\u00f3n:<\/strong><\/p>\n<p>Suspensi\u00f3n indicada para el tratamiento de infecciones en ojos y o\u00eddos, con efecto antiinflamatorio y analg\u00e9sico; para uso en caninos y felinos.<\/p>\n<p><strong>Dosis:<\/strong><\/p>\n<p>Aplicar una o dos gotas en la parte afectada, dos o tres veces al d\u00eda, durante un periodo no menor a 7 d\u00edas. Cada 1 ml equivale a 23 gotas. La duraci\u00f3n del tratamiento, n\u00famero de gotas e intervalo entre aplicaciones puede variar de acuerdo al caso cl\u00ednico a tratar y a recomendaci\u00f3n del M\u00e9dico Veterinario.<\/p>\n<p><strong>Advertencias:<\/strong><\/p>\n<p>No administrar a equinos destinados al consumo humano. No aplicar por v\u00eda oft\u00e1lmica en caso de \u00falcera corneal.<\/p>\n<p>Cons\u00e9rvese en un lugar fresco y seco, protegido de la luz solar directa y fuentes de calor a una temperatura entre 4 y 30\u00b0C. Mant\u00e9ngase fuera del alcance de los ni\u00f1os y animales dom\u00e9sticos.<\/p>\n<p>Producto de uso exclusivamente veterinario.<\/p>\n","protected":false},"excerpt":{"rendered":"<p>F\u00f3rmula: Sulfato de neomicina 7 mg Dexametasona 21 fosfato 0.5 mg Veh\u00edculo, c.b.p. 1 ml. Uso en: V\u00eda de administraci\u00f3n: Oft\u00e1lmica y \u00f3tica. Descripci\u00f3n: Suspensi\u00f3n indicada para el tratamiento de infecciones en ojos y o\u00eddos, con efecto antiinflamatorio y analg\u00e9sico; para uso en caninos y felinos. Dosis: Aplicar una o dos gotas en la parte [&hellip;]<\/p>\n","protected":false},"featured_media":198,"comment_status":"open","ping_status":"closed","template":"","meta":{"_et_pb_use_builder":"","_et_pb_old_content":"","_et_gb_content_width":"","spay_email":""},"_links":{"self":[{"href":"https:\/\/farmaciaveterinarialaconquista.com\/index.php\/wp-json\/wp\/v2\/product\/155"}],"collection":[{"href":"https:\/\/farmaciaveterinarialaconquista.com\/index.php\/wp-json\/wp\/v2\/product"}],"about":[{"href":"https:\/\/farmaciaveterinarialaconquista.com\/index.php\/wp-json\/wp\/v2\/types\/product"}],"replies":[{"embeddable":true,"href":"https:\/\/farmaciaveterinarialaconquista.com\/index.php\/wp-json\/wp\/v2\/comments?post=155"}],"wp:featuredmedia":[{"embeddable":true,"href":"https:\/\/farmaciaveterinarialaconquista.com\/index.php\/wp-json\/wp\/v2\/media\/198"}],"wp:attachment":[{"href":"https:\/\/farmaciaveterinarialaconquista.com\/index.php\/wp-json\/wp\/v2\/media?parent=155"}],"curies":[{"name":"wp","href":"https:\/\/api.w.org\/{rel}","templated":true}]}}