{"id":153,"date":"2020-04-10T02:24:28","date_gmt":"2020-04-10T07:24:28","guid":{"rendered":"http:\/\/farmaciaveterinarialaconquista.com\/index.php\/producto\/import-placeholder-for-385\/"},"modified":"2025-09-20T15:09:12","modified_gmt":"2025-09-20T21:09:12","slug":"multivitaminico-100-ml","status":"publish","type":"product","link":"https:\/\/farmaciaveterinarialaconquista.com\/index.php\/producto\/multivitaminico-100-ml\/","title":{"rendered":"Multivitaminico 100 ml"},"content":{"rendered":"<p><strong>F\u00f3rmula:<\/strong><\/p>\n<p>Vitamina A 200 000 U.I.<\/p>\n<p>Vitamina D3 200 000 U.I.<\/p>\n<p>Vitamina E 2 000 U.I.<\/p>\n<p>Vitamina B1 0.350 g<\/p>\n<p>Vitamina B2 1 000 g<\/p>\n<p>Vitamina B6 0.750 g<\/p>\n<p>Vitamina B12 0.005 g<\/p>\n<p>Nicotinamida 6.500 g<\/p>\n<p>Biotina 0.010 g<\/p>\n<p>Vitamina C 6500 g<\/p>\n<p>Selenio400 mcg<\/p>\n<p><strong>Uso en:<\/strong><\/p>\n<p><img src=\"http:\/\/www.plmconnection.com\/plmservices\/VetSearchEngine\/M%C3%A9xico\/PEV39\/img\/gallo.png\" \/><\/p>\n<p><strong>V\u00eda de administraci\u00f3n:<\/strong><\/p>\n<p>Oral<\/p>\n<p><strong>Descripci\u00f3n:<\/strong><\/p>\n<p>Es un s\u00faper complejo vitam\u00ednico especial para pollito, reproducci\u00f3n y pelecha. Contiene altas cantidades de complejo b y vitaminas ADE.<\/p>\n<p>Altamente recomendado para animales convalecientes en enfermedades o pelea, para dar despu\u00e9s de la vacunaci\u00f3n y evitar la baja de animales, sumin\u00edstrelo a sus parvadas de pollos para elevar sus defensas, a sus lotes de cr\u00eda para elevar fertilidad y durante la prepostura para tener en \u00f3ptimas condiciones a sus aves.<\/p>\n<p>Proporciona m\u00e1s fortaleza y vitalidad en tu gallera.<\/p>\n<p>Contiene en su f\u00f3rmula las vitaminas necesarias para eliminar factores de estr\u00e9s, incrementar el desarrollo y redoblar productividad.<\/p>\n<p><strong>Dosis:<\/strong><\/p>\n<p>Dar de 1 a 3 ml por litro de agua por lapsos de hasta 10 d\u00edas consecutivos<\/p>\n<p>Recomendaciones<\/p>\n<p>Aplicar en:<\/p>\n<p>Recepci\u00f3n de pollito<\/p>\n<p>10 d\u00edas cada mes<\/p>\n<p>Pelecha durante etapa de emplume<\/p>\n<p>El cuido como complemento<\/p>\n<p>Reproducci\u00f3n<\/p>\n<p>En \u00e9pocas de frio<\/p>\n<p>Antes y despu\u00e9s del descreste<\/p>\n<p>En la gallera en general de forma calendarizada para mantenimiento<\/p>\n<p><strong>Advertencias:<\/strong><\/p>\n<p>Producto para uso veterinario exclusivamente<\/p>\n<p>Cons\u00e9rvese en lugar fresco y seco protegido de la luz<\/p>\n","protected":false},"excerpt":{"rendered":"<p>F\u00f3rmula: Vitamina A 200 000 U.I. Vitamina D3 200 000 U.I. Vitamina E 2 000 U.I. Vitamina B1 0.350 g Vitamina B2 1 000 g Vitamina B6 0.750 g Vitamina B12 0.005 g Nicotinamida 6.500 g Biotina 0.010 g Vitamina C 6500 g Selenio400 mcg Uso en: V\u00eda de administraci\u00f3n: Oral Descripci\u00f3n: Es un s\u00faper [&hellip;]<\/p>\n","protected":false},"featured_media":196,"comment_status":"open","ping_status":"closed","template":"","meta":{"_et_pb_use_builder":"","_et_pb_old_content":"","_et_gb_content_width":"","spay_email":""},"_links":{"self":[{"href":"https:\/\/farmaciaveterinarialaconquista.com\/index.php\/wp-json\/wp\/v2\/product\/153"}],"collection":[{"href":"https:\/\/farmaciaveterinarialaconquista.com\/index.php\/wp-json\/wp\/v2\/product"}],"about":[{"href":"https:\/\/farmaciaveterinarialaconquista.com\/index.php\/wp-json\/wp\/v2\/types\/product"}],"replies":[{"embeddable":true,"href":"https:\/\/farmaciaveterinarialaconquista.com\/index.php\/wp-json\/wp\/v2\/comments?post=153"}],"wp:featuredmedia":[{"embeddable":true,"href":"https:\/\/farmaciaveterinarialaconquista.com\/index.php\/wp-json\/wp\/v2\/media\/196"}],"wp:attachment":[{"href":"https:\/\/farmaciaveterinarialaconquista.com\/index.php\/wp-json\/wp\/v2\/media?parent=153"}],"curies":[{"name":"wp","href":"https:\/\/api.w.org\/{rel}","templated":true}]}}