{"id":140,"date":"2020-04-10T02:24:07","date_gmt":"2020-04-10T07:24:07","guid":{"rendered":"http:\/\/farmaciaveterinarialaconquista.com\/index.php\/producto\/import-placeholder-for-383\/"},"modified":"2025-09-24T11:54:58","modified_gmt":"2025-09-24T17:54:58","slug":"minerol-1-litro","status":"publish","type":"product","link":"https:\/\/farmaciaveterinarialaconquista.com\/index.php\/producto\/minerol-1-litro\/","title":{"rendered":"Minerol 1 litro"},"content":{"rendered":"<p><strong>F\u00f3rmula:<\/strong><\/p>\n<p>Manganeso 0.217%<\/p>\n<p>Zinc 0.192%<\/p>\n<p>Cobre 0.271%<\/p>\n<p>Magnesio 0.078%<\/p>\n<p>Cobalto 0.011%<\/p>\n<p>Sodio 0.815%<\/p>\n<p>Calcio 0.060%<\/p>\n<p>Potasio 320 ppm<\/p>\n<p>Fierro 3.77 ppm<\/p>\n<p>Veh\u00edculo \u00e1cidos org\u00e1nicos c.b.p. 1,000 ml<\/p>\n<p><strong>Uso en:<\/strong><\/p>\n<p><img src=\"http:\/\/www.plmconnection.com\/plmservices\/VetSearchEngine\/M%C3%A9xico\/PEV39\/img\/gallina.png\" \/><\/p>\n<p><strong>V\u00eda de administraci\u00f3n:<\/strong><\/p>\n<p>V\u00eda oral mezclado en el agua de bebida.<\/p>\n<p><strong>Descripci\u00f3n:<\/strong><\/p>\n<p>Minerales quelatados en soluci\u00f3n oral liquida de alta bio-disponibilidad.<\/p>\n<p>Ayuda a compensar los efectos detrimentales de las micotoxinas.<\/p>\n<p>Ayuda a controlar las diarreas inespec\u00edficas.<\/p>\n<p>Mejora la calidad del cascaron.<\/p>\n<p>Ayuda a obtener una mejor incubaci\u00f3n.<\/p>\n<p>Mejora el metabolismo del calcio.<\/p>\n<p>Disminuye la humedad en la gallinaza hasta un 30%.<\/p>\n<p>Este producto est\u00e1 dise\u00f1ado para aves reproductoras y de postura en donde los altos niveles de calcio afectan la absorci\u00f3n intestinal de microelementos.<\/p>\n<p><strong>Dosis:<\/strong><\/p>\n<p>Dos formas<\/p>\n<p>En forma continua a raz\u00f3n de 1 lt de producto por 3,000 lt de agua.<\/p>\n<p>Dar 1 lt de producto para 25,000 gallinas y despu\u00e9s suministrar agua simple el resto del d\u00eda.<\/p>\n<p>&nbsp;<\/p>\n","protected":false},"excerpt":{"rendered":"<p>F\u00f3rmula: Manganeso 0.217% Zinc 0.192% Cobre 0.271% Magnesio 0.078% Cobalto 0.011% Sodio 0.815% Calcio 0.060% Potasio 320 ppm Fierro 3.77 ppm Veh\u00edculo \u00e1cidos org\u00e1nicos c.b.p. 1,000 ml Uso en: V\u00eda de administraci\u00f3n: V\u00eda oral mezclado en el agua de bebida. Descripci\u00f3n: Minerales quelatados en soluci\u00f3n oral liquida de alta bio-disponibilidad. Ayuda a compensar los efectos [&hellip;]<\/p>\n","protected":false},"featured_media":194,"comment_status":"open","ping_status":"closed","template":"","meta":{"_et_pb_use_builder":"","_et_pb_old_content":"","_et_gb_content_width":"","spay_email":""},"_links":{"self":[{"href":"https:\/\/farmaciaveterinarialaconquista.com\/index.php\/wp-json\/wp\/v2\/product\/140"}],"collection":[{"href":"https:\/\/farmaciaveterinarialaconquista.com\/index.php\/wp-json\/wp\/v2\/product"}],"about":[{"href":"https:\/\/farmaciaveterinarialaconquista.com\/index.php\/wp-json\/wp\/v2\/types\/product"}],"replies":[{"embeddable":true,"href":"https:\/\/farmaciaveterinarialaconquista.com\/index.php\/wp-json\/wp\/v2\/comments?post=140"}],"wp:featuredmedia":[{"embeddable":true,"href":"https:\/\/farmaciaveterinarialaconquista.com\/index.php\/wp-json\/wp\/v2\/media\/194"}],"wp:attachment":[{"href":"https:\/\/farmaciaveterinarialaconquista.com\/index.php\/wp-json\/wp\/v2\/media?parent=140"}],"curies":[{"name":"wp","href":"https:\/\/api.w.org\/{rel}","templated":true}]}}