{"id":138,"date":"2020-04-10T02:24:06","date_gmt":"2020-04-10T07:24:06","guid":{"rendered":"http:\/\/farmaciaveterinarialaconquista.com\/index.php\/producto\/import-placeholder-for-381\/"},"modified":"2025-09-24T11:56:15","modified_gmt":"2025-09-24T17:56:15","slug":"mamisan-200-grs","status":"publish","type":"product","link":"https:\/\/farmaciaveterinarialaconquista.com\/index.php\/producto\/mamisan-200-grs\/","title":{"rendered":"Mamisan 200 grs"},"content":{"rendered":"<p><strong>Formula:<\/strong><\/p>\n<p>Esencia de eucalipto 2.2 g<\/p>\n<p>Esencia de Thuja 1.0 g<\/p>\n<p>Esencia de trementina 6.0 g<\/p>\n<p>Veh\u00edculo, c.b.p. 100.0 g.<\/p>\n<p><strong>Uso en:<\/strong><\/p>\n<p><span class=\"imgIpp\"><img src=\"http:\/\/www.plmconnection.com\/plmservices\/VetSearchEngine\/M%C3%A9xico\/PEV39\/img\/vaca.png\" alt=\"\" \/>\u00a0<img src=\"http:\/\/www.plmconnection.com\/plmservices\/VetSearchEngine\/M%C3%A9xico\/PEV39\/img\/toro.png\" alt=\"\" \/>\u00a0<img src=\"http:\/\/www.plmconnection.com\/plmservices\/VetSearchEngine\/M%C3%A9xico\/PEV39\/img\/cabra.png\" alt=\"\" \/>\u00a0<img src=\"http:\/\/www.plmconnection.com\/plmservices\/VetSearchEngine\/M%C3%A9xico\/PEV39\/img\/oveja.png\" alt=\"\" \/> <\/span><span class=\"imgIpp\"><img src=\"http:\/\/www.plmconnection.com\/plmservices\/VetSearchEngine\/M%C3%A9xico\/PEV39\/img\/porcino.png\" alt=\"\" \/>\u00a0<img src=\"http:\/\/www.plmconnection.com\/plmservices\/VetSearchEngine\/M%C3%A9xico\/PEV39\/img\/perro.png\" alt=\"\" \/>\u00a0<img src=\"http:\/\/www.plmconnection.com\/plmservices\/VetSearchEngine\/M%C3%A9xico\/PEV39\/img\/gato.png\" alt=\"\" \/>\u00a0<img src=\"http:\/\/www.plmconnection.com\/plmservices\/VetSearchEngine\/M%C3%A9xico\/PEV39\/img\/caballo.png\" alt=\"\" \/><\/span><\/p>\n<p><strong>V\u00eda de administraci\u00f3n:<\/strong><\/p>\n<p>T\u00f3pica<\/p>\n<p><strong>Descripci\u00f3n:<\/strong><\/p>\n<p>Ung\u00fcento de uso t\u00f3pico, rubefaciente, emoliente y antiinflamatorio.<\/p>\n<p>Tratamiento externo de inflamaciones como mastitis, infecciones internas localizadas (abscesos, etc\u00e9tera) y lesiones traum\u00e1ticas en los animales. Util en el tratamiento de lesiones musculares, desgarres musculares y reumatismo articular.<\/p>\n<p><strong>Dosis:<\/strong><\/p>\n<p>Aplique directamente en la zona inflamada o lesionada, dando un masaje vigoroso para permitir la penetraci\u00f3n del medicamento. Repetir el tratamiento cuando menos cada 24 horas hasta la completa recuperaci\u00f3n.<\/p>\n<p><strong>Advertencias:<\/strong><\/p>\n<p>Su venta requiere receta m\u00e9dica.<\/p>\n","protected":false},"excerpt":{"rendered":"<p>Formula: Esencia de eucalipto 2.2 g Esencia de Thuja 1.0 g Esencia de trementina 6.0 g Veh\u00edculo, c.b.p. 100.0 g. Uso en: \u00a0\u00a0\u00a0 \u00a0\u00a0\u00a0 V\u00eda de administraci\u00f3n: T\u00f3pica Descripci\u00f3n: Ung\u00fcento de uso t\u00f3pico, rubefaciente, emoliente y antiinflamatorio. Tratamiento externo de inflamaciones como mastitis, infecciones internas localizadas (abscesos, etc\u00e9tera) y lesiones traum\u00e1ticas en los animales. Util [&hellip;]<\/p>\n","protected":false},"featured_media":192,"comment_status":"open","ping_status":"closed","template":"","meta":{"_et_pb_use_builder":"","_et_pb_old_content":"","_et_gb_content_width":"","spay_email":""},"_links":{"self":[{"href":"https:\/\/farmaciaveterinarialaconquista.com\/index.php\/wp-json\/wp\/v2\/product\/138"}],"collection":[{"href":"https:\/\/farmaciaveterinarialaconquista.com\/index.php\/wp-json\/wp\/v2\/product"}],"about":[{"href":"https:\/\/farmaciaveterinarialaconquista.com\/index.php\/wp-json\/wp\/v2\/types\/product"}],"replies":[{"embeddable":true,"href":"https:\/\/farmaciaveterinarialaconquista.com\/index.php\/wp-json\/wp\/v2\/comments?post=138"}],"wp:featuredmedia":[{"embeddable":true,"href":"https:\/\/farmaciaveterinarialaconquista.com\/index.php\/wp-json\/wp\/v2\/media\/192"}],"wp:attachment":[{"href":"https:\/\/farmaciaveterinarialaconquista.com\/index.php\/wp-json\/wp\/v2\/media?parent=138"}],"curies":[{"name":"wp","href":"https:\/\/api.w.org\/{rel}","templated":true}]}}