{"id":136,"date":"2020-04-10T02:24:06","date_gmt":"2020-04-10T07:24:06","guid":{"rendered":"http:\/\/farmaciaveterinarialaconquista.com\/index.php\/producto\/import-placeholder-for-379\/"},"modified":"2024-11-18T18:09:56","modified_gmt":"2024-11-19T00:09:56","slug":"licor-de-forge-120-ml","status":"publish","type":"product","link":"https:\/\/farmaciaveterinarialaconquista.com\/index.php\/producto\/licor-de-forge-120-ml\/","title":{"rendered":"Licor de forge 120 ml"},"content":{"rendered":"<p><strong>Formula:<\/strong><\/p>\n<p>Cada 100 ml contienen:<\/p>\n<p>Sulfato de Cobre 2 g<\/p>\n<p>\u00c1cido C\u00edtrico\u00a0 2 g<\/p>\n<p>Alcohol Et\u00edlico 2 .5 ml<\/p>\n<p>Fenol 1 g<\/p>\n<p>Alcanfor 0.2 g<\/p>\n<p>Veh\u00edculo, c.b.p. 100 ml<\/p>\n<p><strong>Uso en:<\/strong><\/p>\n<p><span class=\"imgIpp\"><img src=\"http:\/\/www.plmconnection.com\/plmservices\/VetSearchEngine\/M%C3%A9xico\/PEV39\/img\/vaca.png\" alt=\"\" \/>\u00a0<img src=\"http:\/\/www.plmconnection.com\/plmservices\/VetSearchEngine\/M%C3%A9xico\/PEV39\/img\/toro.png\" alt=\"\" \/>\u00a0<\/span><span class=\"imgIpp\"><img src=\"http:\/\/www.plmconnection.com\/plmservices\/VetSearchEngine\/M%C3%A9xico\/PEV39\/img\/becerro.png\" alt=\"\" \/>\u00a0<\/span><span class=\"imgIpp\"><img src=\"http:\/\/www.plmconnection.com\/plmservices\/VetSearchEngine\/M%C3%A9xico\/PEV39\/img\/oveja.png\" alt=\"\" \/>\u00a0<img src=\"http:\/\/www.plmconnection.com\/plmservices\/VetSearchEngine\/M%C3%A9xico\/PEV39\/img\/cabra.png\" alt=\"\" \/><img src=\"http:\/\/www.plmconnection.com\/plmservices\/VetSearchEngine\/M%C3%A9xico\/PEV39\/img\/caballo.png\" \/> \u00a0 <\/span><span class=\"imgIpp\"><img src=\"http:\/\/www.plmconnection.com\/plmservices\/VetSearchEngine\/M%C3%A9xico\/PEV39\/img\/porcino.png\" alt=\"\" \/>\u00a0<img src=\"http:\/\/www.plmconnection.com\/plmservices\/VetSearchEngine\/M%C3%A9xico\/PEV39\/img\/perro.png\" alt=\"\" \/>\u00a0<img src=\"http:\/\/www.plmconnection.com\/plmservices\/VetSearchEngine\/M%C3%A9xico\/PEV39\/img\/gato.png\" alt=\"\" \/><\/span><\/p>\n<p><strong>V\u00eda de administraci\u00f3n:<\/strong><\/p>\n<p>T\u00f3pica<\/p>\n<p><strong>Descripci\u00f3n:<\/strong><\/p>\n<p>Antis\u00e9ptico y cicatrizante de uso t\u00f3pico, para el tratamiento de heridas superficiales, llagas e irritaciones por rozaduras. Su acci\u00f3n germicida y cicatrizante es eficaz a\u00fan en presencia de supuraci\u00f3n y tejido necrotico.<\/p>\n<p><strong>Dosis:<\/strong><\/p>\n<p>Limpiar la zona afectada y aplique la cantidad necesaria de licor de forge para humedecer la herida o el \u00e1rea lastimada. Cada 24 horas de 5 a 7 d\u00edas o a criterio del m\u00e9dico veterinario.<\/p>\n<p><strong>Advertencias:<\/strong><\/p>\n<p>Cons\u00e9rvese en un lugar fresco. No se deje al alcance de los ni\u00f1os y animales dom\u00e9sticos.<\/p>\n","protected":false},"excerpt":{"rendered":"<p>Formula: Cada 100 ml contienen: Sulfato de Cobre 2 g \u00c1cido C\u00edtrico\u00a0 2 g Alcohol Et\u00edlico 2 .5 ml Fenol 1 g Alcanfor 0.2 g Veh\u00edculo, c.b.p. 100 ml Uso en: \u00a0\u00a0\u00a0\u00a0 \u00a0 \u00a0\u00a0 V\u00eda de administraci\u00f3n: T\u00f3pica Descripci\u00f3n: Antis\u00e9ptico y cicatrizante de uso t\u00f3pico, para el tratamiento de heridas superficiales, llagas e irritaciones por [&hellip;]<\/p>\n","protected":false},"featured_media":190,"comment_status":"open","ping_status":"closed","template":"","meta":{"_et_pb_use_builder":"","_et_pb_old_content":"","_et_gb_content_width":"","spay_email":""},"_links":{"self":[{"href":"https:\/\/farmaciaveterinarialaconquista.com\/index.php\/wp-json\/wp\/v2\/product\/136"}],"collection":[{"href":"https:\/\/farmaciaveterinarialaconquista.com\/index.php\/wp-json\/wp\/v2\/product"}],"about":[{"href":"https:\/\/farmaciaveterinarialaconquista.com\/index.php\/wp-json\/wp\/v2\/types\/product"}],"replies":[{"embeddable":true,"href":"https:\/\/farmaciaveterinarialaconquista.com\/index.php\/wp-json\/wp\/v2\/comments?post=136"}],"wp:featuredmedia":[{"embeddable":true,"href":"https:\/\/farmaciaveterinarialaconquista.com\/index.php\/wp-json\/wp\/v2\/media\/190"}],"wp:attachment":[{"href":"https:\/\/farmaciaveterinarialaconquista.com\/index.php\/wp-json\/wp\/v2\/media?parent=136"}],"curies":[{"name":"wp","href":"https:\/\/api.w.org\/{rel}","templated":true}]}}