{"id":134,"date":"2020-04-10T02:24:06","date_gmt":"2020-04-10T07:24:06","guid":{"rendered":"http:\/\/farmaciaveterinarialaconquista.com\/index.php\/producto\/import-placeholder-for-362\/"},"modified":"2025-09-19T12:33:37","modified_gmt":"2025-09-19T18:33:37","slug":"laurabolin-20-mg-10-ml","status":"publish","type":"product","link":"https:\/\/farmaciaveterinarialaconquista.com\/index.php\/producto\/laurabolin-20-mg-10-ml\/","title":{"rendered":"Laurabolin 20 mg 10 ml Descontinuado"},"content":{"rendered":"<p><strong>Formula:<\/strong><\/p>\n<p>Laurato de nandrolona 20 mg<\/p>\n<p>Veh\u00edculo oleoso, c.b.p. 1 ml.<\/p>\n<p><strong>Uso en:<\/strong><\/p>\n<p><span class=\"imgIpp\"><img src=\"http:\/\/www.plmconnection.com\/plmservices\/VetSearchEngine\/M%C3%A9xico\/PEV39\/img\/vaca.png\" alt=\"\" \/>\u00a0<img src=\"http:\/\/www.plmconnection.com\/plmservices\/VetSearchEngine\/M%C3%A9xico\/PEV39\/img\/toro.png\" alt=\"\" \/>\u00a0<\/span><span class=\"imgIpp\"><img src=\"http:\/\/www.plmconnection.com\/plmservices\/VetSearchEngine\/M%C3%A9xico\/PEV39\/img\/becerro.png\" alt=\"\" \/>\u00a0<\/span><span class=\"imgIpp\"><img src=\"http:\/\/www.plmconnection.com\/plmservices\/VetSearchEngine\/M%C3%A9xico\/PEV39\/img\/oveja.png\" alt=\"\" \/>\u00a0<img src=\"http:\/\/www.plmconnection.com\/plmservices\/VetSearchEngine\/M%C3%A9xico\/PEV39\/img\/cabra.png\" alt=\"\" \/> <\/span><span class=\"imgIpp\"><img src=\"http:\/\/www.plmconnection.com\/plmservices\/VetSearchEngine\/M%C3%A9xico\/PEV39\/img\/porcino.png\" alt=\"\" \/>\u00a0<img src=\"http:\/\/www.plmconnection.com\/plmservices\/VetSearchEngine\/M%C3%A9xico\/PEV39\/img\/perro.png\" alt=\"\" \/>\u00a0<img src=\"http:\/\/www.plmconnection.com\/plmservices\/VetSearchEngine\/M%C3%A9xico\/PEV39\/img\/gato.png\" alt=\"\" \/><\/span><\/p>\n<p><strong>V\u00eda de administraci\u00f3n:<\/strong><\/p>\n<p>Aplique por v\u00eda intramuscular profunda.<\/p>\n<p><strong>Descripci\u00f3n:<\/strong><\/p>\n<p>Es un pr\u00f3tido anabolizante en soluci\u00f3n oleosa de acci\u00f3n prolongada (21 d\u00edas).<\/p>\n<p>Para la correcci\u00f3n de trastornos metab\u00f3licos como: animales retrasados, desnutrici\u00f3n, secuelas de enfermedades bacterianas, virales o parasitarias, anemias, destete, corticoterapias, animales sometidos a esfuerzos f\u00edsicos y geriatr\u00eda.<\/p>\n<p>Tiempo de retiro: 21 d\u00edas despu\u00e9s de la \u00faltima aplicaci\u00f3n.<\/p>\n<p><strong>Dosis:<\/strong><\/p>\n<table>\n<tbody>\n<tr>\n<td><strong>Especie<\/strong><\/td>\n<td><strong>Dosis<\/strong><\/td>\n<td><strong>LAURABOLIN<\/strong><sup>\u00ae<\/sup><strong>\u00a020<\/strong><\/td>\n<\/tr>\n<tr>\n<td>Perros y gatos con peso menor de 10 kg<\/td>\n<td>10 mg<\/td>\n<td>0.5 ml\/10 kg de peso<\/td>\n<\/tr>\n<tr>\n<td>Perros con m\u00e1s de 10 kg<\/td>\n<td>25 mg<\/td>\n<td>1.25 ml<\/td>\n<\/tr>\n<tr>\n<td>Terneros, ovejas, cabras y cerdos<\/td>\n<td>50-100 mg<\/td>\n<td>2.5-5 ml<\/td>\n<\/tr>\n<tr>\n<td>Bovinos adultos<\/td>\n<td>100-200 mg<\/td>\n<td>5-10 ml<\/td>\n<\/tr>\n<tr>\n<td colspan=\"3\">Retrasos en crecimiento:<\/td>\n<\/tr>\n<\/tbody>\n<\/table>\n<p><strong>Advertencias:<\/strong><\/p>\n<ol>\n<li>No repita la aplicaci\u00f3n de este producto antes de los 21 d\u00edas.<\/li>\n<\/ol>\n<p>2. Cons\u00e9rvese en un lugar fresco<\/p>\n","protected":false},"excerpt":{"rendered":"<p>Formula: Laurato de nandrolona 20 mg Veh\u00edculo oleoso, c.b.p. 1 ml. Uso en: \u00a0\u00a0\u00a0\u00a0 \u00a0\u00a0 V\u00eda de administraci\u00f3n: Aplique por v\u00eda intramuscular profunda. Descripci\u00f3n: Es un pr\u00f3tido anabolizante en soluci\u00f3n oleosa de acci\u00f3n prolongada (21 d\u00edas). Para la correcci\u00f3n de trastornos metab\u00f3licos como: animales retrasados, desnutrici\u00f3n, secuelas de enfermedades bacterianas, virales o parasitarias, anemias, destete, [&hellip;]<\/p>\n","protected":false},"featured_media":175,"comment_status":"open","ping_status":"closed","template":"","meta":{"_et_pb_use_builder":"","_et_pb_old_content":"","_et_gb_content_width":"","spay_email":""},"_links":{"self":[{"href":"https:\/\/farmaciaveterinarialaconquista.com\/index.php\/wp-json\/wp\/v2\/product\/134"}],"collection":[{"href":"https:\/\/farmaciaveterinarialaconquista.com\/index.php\/wp-json\/wp\/v2\/product"}],"about":[{"href":"https:\/\/farmaciaveterinarialaconquista.com\/index.php\/wp-json\/wp\/v2\/types\/product"}],"replies":[{"embeddable":true,"href":"https:\/\/farmaciaveterinarialaconquista.com\/index.php\/wp-json\/wp\/v2\/comments?post=134"}],"wp:featuredmedia":[{"embeddable":true,"href":"https:\/\/farmaciaveterinarialaconquista.com\/index.php\/wp-json\/wp\/v2\/media\/175"}],"wp:attachment":[{"href":"https:\/\/farmaciaveterinarialaconquista.com\/index.php\/wp-json\/wp\/v2\/media?parent=134"}],"curies":[{"name":"wp","href":"https:\/\/api.w.org\/{rel}","templated":true}]}}