{"id":133,"date":"2020-04-10T02:24:06","date_gmt":"2020-04-10T07:24:06","guid":{"rendered":"http:\/\/farmaciaveterinarialaconquista.com\/index.php\/producto\/import-placeholder-for-361\/"},"modified":"2025-09-20T15:11:47","modified_gmt":"2025-09-20T21:11:47","slug":"kynoselen-100ml","status":"publish","type":"product","link":"https:\/\/farmaciaveterinarialaconquista.com\/index.php\/producto\/kynoselen-100ml\/","title":{"rendered":"Kynoselen  100ml"},"content":{"rendered":"<p><strong>F\u00f3rmula:<\/strong><\/p>\n<p>Selenito de sodio 0.023 g<\/p>\n<p>Aspartato de magnesio dihidratado 0.150 g<\/p>\n<p>Aspartato de hidr\u00f3geno de potasio hemihidratado 0.100 g<\/p>\n<p>Alcohol de benc\u00edlico 1,500 g<\/p>\n<p>Cianocobalamina 0.025 g<\/p>\n<p>Adenosina de monofosfato dis\u00f3dico 0.200 g<\/p>\n<p>Sorbitol 5.0 g<\/p>\n<p>Excipientes, c.b.p. 100 ml.<\/p>\n<p><strong>Uso en:<\/strong><\/p>\n<p><span class=\"imgIpp\"><img src=\"http:\/\/www.plmconnection.com\/plmservices\/VetSearchEngine\/M%C3%A9xico\/PEV39\/img\/caballo.png\" alt=\"\" \/>\u00a0<img src=\"http:\/\/www.plmconnection.com\/plmservices\/VetSearchEngine\/M%C3%A9xico\/PEV39\/img\/caballo1.png\" alt=\"\" \/>\u00a0<img src=\"http:\/\/www.plmconnection.com\/plmservices\/VetSearchEngine\/M%C3%A9xico\/PEV39\/img\/toro.png\" alt=\"\" \/>\u00a0<img src=\"http:\/\/www.plmconnection.com\/plmservices\/VetSearchEngine\/M%C3%A9xico\/PEV39\/img\/vaca.png\" alt=\"\" \/> <img src=\"http:\/\/www.plmconnection.com\/plmservices\/VetSearchEngine\/M%C3%A9xico\/PEV39\/img\/becerro.png\" \/><\/span><\/p>\n<p><strong>V\u00eda de administraci\u00f3n:<\/strong><\/p>\n<p>Intramuscular, Subcut\u00e1nea o intravenosa lenta<\/p>\n<p><strong>Descripci\u00f3n:<\/strong><\/p>\n<p>El selenio es una parte integral de las enzimas glutati\u00f3n peroxidasa, que est\u00e1 implicada en la protecci\u00f3n contra el estr\u00e9s oxidativo, estas enzimas act\u00faan de forma sin\u00e9rgica con la vitamina E y otros antioxidantes en la eliminaci\u00f3n de da\u00f1os relacionados con la oxidaci\u00f3n de las membranas.<\/p>\n<p>El aspartato de magnesio y potasio es un intermediario del metabolismo glucoproteico que ejerce una funci\u00f3n de descanso en los m\u00fasculos. Los aspartatos protegen al coraz\u00f3n contra la deficiencia de ox\u00edgeno y permiten mantener la amplitud de las contracciones.<\/p>\n<p>Los excipientes de este producto como: Adenosina monofosfato dis\u00f3dica, es una fuente de energ\u00eda celular recomendada para combatir las afecciones cardiovasculares, as\u00ed como para compensar el gasto de energ\u00eda muscular, posee propiedades vasorreguladoras de las arterias coronarias, activadoras del metabolismo de los gl\u00facidos, movilizadora de los l\u00edpidos de reserva e inductores de las s\u00edntesis de prote\u00ednas.<\/p>\n<p>Las miopat\u00edas relacionadas con carencias de selenio se manifiestan por dos grandes signos, principalmente:<\/p>\n<p>Forma aguda: Afecci\u00f3n al miocardio.<\/p>\n<p>Forma subaguda: Afecci\u00f3n principalmente al m\u00fasculo esquel\u00e9tico.<\/p>\n<p>Sin embargo, estas lesiones musculares pueden ser de diversa intensidad y no siempre originan una signolog\u00eda cl\u00ednica.<\/p>\n<p>Las miopat\u00edas se observan a menudo en becerros y corderos lactantes.<\/p>\n<p>En los porcinos el cuadro cl\u00ednico se caracteriza por los trastornos locomotores, sobre todo en las razas en las que se ha mejorado la carne y la precocidad del crecimiento, se pueden identificar en el sacrificio del animal como miopat\u00edas exudativas.<\/p>\n<p>Las miopat\u00edas tambi\u00e9n se presentan en equinos de tiro y en los que realizan deporte, es detectable a la necropsia como degeneraciones fibromusculares.<\/p>\n<p>No s\u00f3lo permite un tratamiento preventivo y curativo de las miopat\u00edas, sino que posee propiedades reconstituyentes t\u00f3nicas que permiten mantener el esfuerzo muscular.<\/p>\n<p><strong>Dosis:<\/strong><\/p>\n<p>Prevenci\u00f3n:<\/p>\n<p>Terneros, corderos, lechones, caninos y felinos dom\u00e9sticos: 2 ml\/10 kg de pv.<\/p>\n<p>Bovinos y equinos:<\/p>\n<p>Adultos: 20 ml.<\/p>\n<p>J\u00f3venes: 10 ml.<\/p>\n<p>Porcinos:<\/p>\n<p>Reproductores: 15 ml.<\/p>\n<p>Engorda: 10 ml.<\/p>\n<p>De forma preventiva, puede ser administrado a hembras en el \u00faltimo mes de gestaci\u00f3n y al nacimiento.<\/p>\n<p>Tratamiento: Administrar durante 3 d\u00edas consecutivos, a la misma dosis antes mencionada y si es necesario repetir de 8 a 10 d\u00edas posteriores.<\/p>\n<p>Periodo de retiro: Carne 4 d\u00edas.<\/p>\n<p><strong>Advertencias:<\/strong><\/p>\n<p>En una sobredosis de selenio, los s\u00edntomas observables son: pulso r\u00e1pido y debilidad, diarrea, poliuria, cianosis, postraci\u00f3n, depresi\u00f3n y ataxia.<\/p>\n<p>No utilizar en animales con hipersensibilidad o en animales que han sido expuestos a las sustancias activas o a los excipientes.<\/p>\n<p>Lavarse las manos despu\u00e9s de la administraci\u00f3n.<\/p>\n<p>En caso de inyecci\u00f3n accidental consulte al m\u00e9dico inmediatamente y mu\u00e9strele el instructivo.<\/p>\n<p>&nbsp;<\/p>\n","protected":false},"excerpt":{"rendered":"<p>F\u00f3rmula: Selenito de sodio 0.023 g Aspartato de magnesio dihidratado 0.150 g Aspartato de hidr\u00f3geno de potasio hemihidratado 0.100 g Alcohol de benc\u00edlico 1,500 g Cianocobalamina 0.025 g Adenosina de monofosfato dis\u00f3dico 0.200 g Sorbitol 5.0 g Excipientes, c.b.p. 100 ml. Uso en: \u00a0\u00a0\u00a0 V\u00eda de administraci\u00f3n: Intramuscular, Subcut\u00e1nea o intravenosa lenta Descripci\u00f3n: El selenio [&hellip;]<\/p>\n","protected":false},"featured_media":174,"comment_status":"open","ping_status":"closed","template":"","meta":{"_et_pb_use_builder":"","_et_pb_old_content":"","_et_gb_content_width":"","spay_email":""},"_links":{"self":[{"href":"https:\/\/farmaciaveterinarialaconquista.com\/index.php\/wp-json\/wp\/v2\/product\/133"}],"collection":[{"href":"https:\/\/farmaciaveterinarialaconquista.com\/index.php\/wp-json\/wp\/v2\/product"}],"about":[{"href":"https:\/\/farmaciaveterinarialaconquista.com\/index.php\/wp-json\/wp\/v2\/types\/product"}],"replies":[{"embeddable":true,"href":"https:\/\/farmaciaveterinarialaconquista.com\/index.php\/wp-json\/wp\/v2\/comments?post=133"}],"wp:featuredmedia":[{"embeddable":true,"href":"https:\/\/farmaciaveterinarialaconquista.com\/index.php\/wp-json\/wp\/v2\/media\/174"}],"wp:attachment":[{"href":"https:\/\/farmaciaveterinarialaconquista.com\/index.php\/wp-json\/wp\/v2\/media?parent=133"}],"curies":[{"name":"wp","href":"https:\/\/api.w.org\/{rel}","templated":true}]}}