{"id":132,"date":"2020-04-10T02:24:06","date_gmt":"2020-04-10T07:24:06","guid":{"rendered":"http:\/\/farmaciaveterinarialaconquista.com\/index.php\/producto\/import-placeholder-for-360\/"},"modified":"2025-09-20T15:11:29","modified_gmt":"2025-09-20T21:11:29","slug":"koryn-triple-100-grs","status":"publish","type":"product","link":"https:\/\/farmaciaveterinarialaconquista.com\/index.php\/producto\/koryn-triple-100-grs\/","title":{"rendered":"Koryn triple 100 grs"},"content":{"rendered":"<p><strong>F\u00f3rmula:<\/strong><\/p>\n<p>Sulfametoxipiridacina 125 mg<\/p>\n<p>Trimetoprim 25 mg<\/p>\n<p>Tilosina 30 mg<\/p>\n<p>Lactosa, c.b.p. 1 g.<\/p>\n<p><strong>Uso en:<\/strong><\/p>\n<p><span class=\"imgIpp\"><img src=\"http:\/\/www.plmconnection.com\/plmservices\/VetSearchEngine\/M%C3%A9xico\/PEV39\/img\/becerro.png\" alt=\"\" \/>\u00a0<img src=\"http:\/\/www.plmconnection.com\/plmservices\/VetSearchEngine\/M%C3%A9xico\/PEV39\/img\/vaca.png\" alt=\"\" \/>\u00a0<img src=\"http:\/\/www.plmconnection.com\/plmservices\/VetSearchEngine\/M%C3%A9xico\/PEV39\/img\/toro.png\" alt=\"\" \/>\u00a0<img src=\"http:\/\/www.plmconnection.com\/plmservices\/VetSearchEngine\/M%C3%A9xico\/PEV39\/img\/porcino.png\" alt=\"\" \/>\u00a0<img src=\"http:\/\/www.plmconnection.com\/plmservices\/VetSearchEngine\/M%C3%A9xico\/PEV39\/img\/porcino.png\" alt=\"\" \/> <\/span><span class=\"imgIpp\"><img src=\"http:\/\/www.plmconnection.com\/plmservices\/VetSearchEngine\/M%C3%A9xico\/PEV39\/img\/gallina.png\" alt=\"\" \/> \u00a0<img src=\"http:\/\/www.plmconnection.com\/plmservices\/VetSearchEngine\/M%C3%A9xico\/PEV39\/img\/pavo.png\" alt=\"\" \/> \u00a0<img src=\"http:\/\/www.plmconnection.com\/plmservices\/VetSearchEngine\/M%C3%A9xico\/PEV39\/img\/gallo.png\" alt=\"\" \/><\/span><\/p>\n<p><strong>V\u00eda de administraci\u00f3n:<\/strong><\/p>\n<p>Oral, en el agua de bebida.<\/p>\n<p><strong>Descripci\u00f3n:<\/strong><\/p>\n<p>Para el tratamiento de las infecciones de las v\u00edas respiratorias como coriza, laringitis, sinusitis, neumon\u00edas, bronquitis agudas y cr\u00f3nicas; para el tratamiento de enfermedades genitourinarias (uretritis, cistitis, vaginitis, pielonefritis y metritis); para afecciones del aparato digestivo: disenter\u00eda, colibacilosis, gastroenteritis y diarreas por diversas causas. En cerdos, para el tratamiento de la disenter\u00eda, la erisipela y la artritis por Mycoplasma. En las aves (pollos, pollitas de reemplazo y gallos de combate) para el tratamiento del coriza, c\u00f3lera aviar, estafilococosis, enfermedad cr\u00f3nica respiratoria (ECR), incluyendo Mycoplasma gallisepticum y M. synoviae; para el tratamiento de la sinusitis en pavos. En bovinos, para el tratamiento de la pasteurelosis, estreptococosis, bronconeumon\u00edas complicadas con micoplasmas, enfermedades enterobacterianas y para el tratamiento de otitis.<\/p>\n<p><strong>Dosis:<\/strong><\/p>\n<p>Aves: 2 g\/L de agua durante el primer d\u00eda seguido de 1 g\/L de agua durante 5 a 6 d\u00edas.<\/p>\n<p>Bovinos y porcinos:<\/p>\n<p>J\u00f3venes: 1 g\/10 kg de pv\/d\u00eda durante 3 a 6 d\u00edas.<\/p>\n<p>Adultos: 0.5 g\/10 kg de pv\/d\u00eda durante 3 a 6 d\u00edas.<\/p>\n<p><strong>Advertencias:<\/strong><\/p>\n<p>No se administre en animales sensibles a las sulfonamidas.<\/p>\n<p>No administrar conjuntamente con anest\u00e9sicos generales o locales, hipoglucemiantes sint\u00e9ticos o drogas antineopl\u00e1sicas.<\/p>\n<p>No se administre este producto 15 d\u00edas antes del sacrificio de los animales destinados al consumo humano.<\/p>\n<p>No se deje al alcance de animales dom\u00e9sticos.<\/p>\n<p>Este producto es de uso exlcusivo veterinario.<\/p>\n<p>No se administre en aves en producci\u00f3n de huevo para consumo humano.<\/p>\n<p>No utilizar para consumo de leche procedente de los animales tratados con este producto hasta 5 d\u00edas (10 orde\u00f1as) de la \u00faltima aplicaci\u00f3n.<\/p>\n<p>Mant\u00e9ngase fuera del alcance de los ni\u00f1os.<\/p>\n<p>Cons\u00e9rvese en un lugar fresco y seco, alejado de la luz del sol.<\/p>\n<p>Mantener a temperaturas entre 15 y 30\u00b0C.<\/p>\n<p>Su venta requiere receta m\u00e9dica.<\/p>\n<p>Consulte al M\u00e9dico Veterinario.<\/p>\n","protected":false},"excerpt":{"rendered":"<p>F\u00f3rmula: Sulfametoxipiridacina 125 mg Trimetoprim 25 mg Tilosina 30 mg Lactosa, c.b.p. 1 g. Uso en: \u00a0\u00a0\u00a0\u00a0 \u00a0 \u00a0 V\u00eda de administraci\u00f3n: Oral, en el agua de bebida. Descripci\u00f3n: Para el tratamiento de las infecciones de las v\u00edas respiratorias como coriza, laringitis, sinusitis, neumon\u00edas, bronquitis agudas y cr\u00f3nicas; para el tratamiento de enfermedades genitourinarias (uretritis, [&hellip;]<\/p>\n","protected":false},"featured_media":173,"comment_status":"open","ping_status":"closed","template":"","meta":{"_et_pb_use_builder":"","_et_pb_old_content":"","_et_gb_content_width":"","spay_email":""},"_links":{"self":[{"href":"https:\/\/farmaciaveterinarialaconquista.com\/index.php\/wp-json\/wp\/v2\/product\/132"}],"collection":[{"href":"https:\/\/farmaciaveterinarialaconquista.com\/index.php\/wp-json\/wp\/v2\/product"}],"about":[{"href":"https:\/\/farmaciaveterinarialaconquista.com\/index.php\/wp-json\/wp\/v2\/types\/product"}],"replies":[{"embeddable":true,"href":"https:\/\/farmaciaveterinarialaconquista.com\/index.php\/wp-json\/wp\/v2\/comments?post=132"}],"wp:featuredmedia":[{"embeddable":true,"href":"https:\/\/farmaciaveterinarialaconquista.com\/index.php\/wp-json\/wp\/v2\/media\/173"}],"wp:attachment":[{"href":"https:\/\/farmaciaveterinarialaconquista.com\/index.php\/wp-json\/wp\/v2\/media?parent=132"}],"curies":[{"name":"wp","href":"https:\/\/api.w.org\/{rel}","templated":true}]}}