{"id":13,"date":"2020-04-10T02:22:36","date_gmt":"2020-04-10T07:22:36","guid":{"rendered":"http:\/\/farmaciaveterinarialaconquista.com\/index.php\/producto\/import-placeholder-for-266\/"},"modified":"2025-11-05T21:56:24","modified_gmt":"2025-11-06T03:56:24","slug":"aluspray-210ml","status":"publish","type":"product","link":"https:\/\/farmaciaveterinarialaconquista.com\/index.php\/producto\/aluspray-210ml\/","title":{"rendered":"Aluspray 210ml"},"content":{"rendered":"<p>Si ves este producto agotado, env\u00eda un WhatsApp para revisar si hay en mostrador.<\/p>\n<p><strong><b>Formula:<\/b><\/strong><\/p>\n<p>Aluminio micronizado (como polvo) 25 g<\/p>\n<p>Excipiente, c.b.p. 100 g.<\/p>\n<p>Uso en:<\/p>\n<p class=\"Normal\"><span class=\"bold-entrada\">\u00a0<\/span><span class=\"imgIpp\"><img src=\"http:\/\/www.plmconnection.com\/plmservices\/VetSearchEngine\/M%C3%A9xico\/PEV39\/img\/vaca.png\" alt=\"\" \/>\u00a0<img src=\"http:\/\/www.plmconnection.com\/plmservices\/VetSearchEngine\/M%C3%A9xico\/PEV39\/img\/toro.png\" alt=\"\" \/>\u00a0<img src=\"http:\/\/www.plmconnection.com\/plmservices\/VetSearchEngine\/M%C3%A9xico\/PEV39\/img\/oveja.png\" alt=\"\" \/>\u00a0<img src=\"http:\/\/www.plmconnection.com\/plmservices\/VetSearchEngine\/M%C3%A9xico\/PEV39\/img\/cabra.png\" alt=\"\" \/> \u00a0<\/span><span class=\"imgIpp\"><img src=\"http:\/\/www.plmconnection.com\/plmservices\/VetSearchEngine\/M%C3%A9xico\/PEV39\/img\/porcino.png\" alt=\"\" \/>\u00a0<img src=\"http:\/\/www.plmconnection.com\/plmservices\/VetSearchEngine\/M%C3%A9xico\/PEV39\/img\/gallina.png\" alt=\"\" \/>\u00a0<img src=\"http:\/\/www.plmconnection.com\/plmservices\/VetSearchEngine\/M%C3%A9xico\/PEV39\/img\/caballo.png\" alt=\"\" \/>\u00a0<img src=\"http:\/\/www.plmconnection.com\/plmservices\/VetSearchEngine\/M%C3%A9xico\/PEV39\/img\/perro.png\" alt=\"\" \/>\u00a0<img src=\"http:\/\/www.plmconnection.com\/plmservices\/VetSearchEngine\/M%C3%A9xico\/PEV39\/img\/gato.png\" alt=\"\" \/><\/span><\/p>\n<p><strong><b>V\u00eda de administraci\u00f3n:<\/b><\/strong><\/p>\n<p>T\u00f3pica<\/p>\n<p><strong><b>Descripci\u00f3n:<\/b><\/strong><\/p>\n<p>Tratamiento coadyuvante de la cicatrizaci\u00f3n de heridas externas y \u00falceras de cualquier naturaleza, as\u00ed como protector de los tejidos contra la suciedad y los insectos.<\/p>\n<p><strong><b>Dosis:<\/b><\/strong><\/p>\n<p>Aplicar una capa delgada de ALUSPRAY\u00ae recubriendo completamente la herida. Dependiendo de la condici\u00f3n de la herida se deber\u00e1 aplicar 1 a 2 veces al d\u00eda. Antes de la aplicaci\u00f3n de ALUSPRAY\u00ae la lesi\u00f3n debe limpiarse, desinfectarse y en su caso restaurar los planos quir\u00fargicos.<\/p>\n<p><strong><b>Advertencias:<\/b><\/strong><\/p>\n<p>Ag\u00edtese con fuerza antes de usarse.<\/p>\n<p>Dirija el disparador en direcci\u00f3n de la flecha en la etiqueta.<\/p>\n<p>Mant\u00e9ngase alejado de los ni\u00f1os.<\/p>\n<p>No se almacene o use cerca de una flama.<\/p>\n<p>No se exponga al sol ni a temperaturas superiores a 50\u00b0C.<\/p>\n<p>No perforar ni quemar el envase despu\u00e9s de usarlo.<\/p>\n<p>Este producto mancha, evite el contacto con las manos y la ropa.<\/p>\n","protected":false},"excerpt":{"rendered":"<p>Si ves este producto agotado, env\u00eda un WhatsApp para revisar si hay en mostrador. Formula: Aluminio micronizado (como polvo) 25 g Excipiente, c.b.p. 100 g. Uso en: \u00a0\u00a0\u00a0\u00a0 \u00a0\u00a0\u00a0\u00a0\u00a0 V\u00eda de administraci\u00f3n: T\u00f3pica Descripci\u00f3n: Tratamiento coadyuvante de la cicatrizaci\u00f3n de heridas externas y \u00falceras de cualquier naturaleza, as\u00ed como protector de los tejidos contra la [&hellip;]<\/p>\n","protected":false},"featured_media":43,"comment_status":"open","ping_status":"closed","template":"","meta":{"_et_pb_use_builder":"","_et_pb_old_content":"","_et_gb_content_width":"","spay_email":""},"_links":{"self":[{"href":"https:\/\/farmaciaveterinarialaconquista.com\/index.php\/wp-json\/wp\/v2\/product\/13"}],"collection":[{"href":"https:\/\/farmaciaveterinarialaconquista.com\/index.php\/wp-json\/wp\/v2\/product"}],"about":[{"href":"https:\/\/farmaciaveterinarialaconquista.com\/index.php\/wp-json\/wp\/v2\/types\/product"}],"replies":[{"embeddable":true,"href":"https:\/\/farmaciaveterinarialaconquista.com\/index.php\/wp-json\/wp\/v2\/comments?post=13"}],"wp:featuredmedia":[{"embeddable":true,"href":"https:\/\/farmaciaveterinarialaconquista.com\/index.php\/wp-json\/wp\/v2\/media\/43"}],"wp:attachment":[{"href":"https:\/\/farmaciaveterinarialaconquista.com\/index.php\/wp-json\/wp\/v2\/media?parent=13"}],"curies":[{"name":"wp","href":"https:\/\/api.w.org\/{rel}","templated":true}]}}