{"id":12,"date":"2020-04-10T02:22:35","date_gmt":"2020-04-10T07:22:35","guid":{"rendered":"http:\/\/farmaciaveterinarialaconquista.com\/index.php\/producto\/import-placeholder-for-265\/"},"modified":"2026-03-09T11:48:38","modified_gmt":"2026-03-09T17:48:38","slug":"aceite-germen-de-trigo-50-ml","status":"publish","type":"product","link":"https:\/\/farmaciaveterinarialaconquista.com\/index.php\/producto\/aceite-germen-de-trigo-50-ml\/","title":{"rendered":"Aceite Germen de trigo 50 ml"},"content":{"rendered":"<p>Si ves este producto agotado, env\u00eda un WhatsApp para revisar si hay en mostrador.<\/p>\n<p><strong><b>Formula:<\/b><\/strong><\/p>\n<p>Excipiente oleoso con 20 mg de vitamina E (alfa-tocoferol) por mL (fenolado) 20 mg*<\/p>\n<p>Excipiente oleoso, c.b.p. 1 mL.<\/p>\n<p>*1 mg = 1.36 U.I.<\/p>\n<p>*20 mg = 27.20 U.I.<\/p>\n<p><strong><b>Uso en:\u00a0<\/b><\/strong><\/p>\n<p class=\"Normal\"><span class=\"imgIpp\"><img src=\"http:\/\/www.plmconnection.com\/plmservices\/VetSearchEngine\/M%C3%A9xico\/PEV39\/img\/vaca.png\" alt=\"\" \/>\u00a0<img src=\"http:\/\/www.plmconnection.com\/plmservices\/VetSearchEngine\/M%C3%A9xico\/PEV39\/img\/toro.png\" alt=\"\" \/>\u00a0<img src=\"http:\/\/www.plmconnection.com\/plmservices\/VetSearchEngine\/M%C3%A9xico\/PEV39\/img\/caballo.png\" alt=\"\" \/>\u00a0<img src=\"http:\/\/www.plmconnection.com\/plmservices\/VetSearchEngine\/M%C3%A9xico\/PEV39\/img\/oveja.png\" alt=\"\" \/>\u00a0<\/span><span class=\"imgIpp\"><img src=\"http:\/\/www.plmconnection.com\/plmservices\/VetSearchEngine\/M%C3%A9xico\/PEV39\/img\/cabra.png\" alt=\"\" \/> \u00a0<\/span><span class=\"imgIpp\"><img src=\"http:\/\/www.plmconnection.com\/plmservices\/VetSearchEngine\/M%C3%A9xico\/PEV39\/img\/porcino.png\" alt=\"\" \/>\u00a0<img src=\"http:\/\/www.plmconnection.com\/plmservices\/VetSearchEngine\/M%C3%A9xico\/PEV39\/img\/perro.png\" alt=\"\" \/>\u00a0<img src=\"http:\/\/www.plmconnection.com\/plmservices\/VetSearchEngine\/M%C3%A9xico\/PEV39\/img\/gato.png\" alt=\"\" \/><\/span><\/p>\n<p><strong><b>V\u00eda de administraci\u00f3n:<\/b><\/strong><\/p>\n<p>Intramuscular o subcut\u00e1nea.<\/p>\n<p><strong><b>Descripci\u00f3n:<\/b><\/strong><\/p>\n<p>La vitamina E o alfa-tocoferol es un derivado de la hidroquinona formada por los tocoferoles, que act\u00faa como antioxidante.<\/p>\n<p>Es la vitamina de la reproducci\u00f3n promotora de la fertilidad y del desarrollo de los epitelios de las gl\u00e1ndulas encargadas de la reproducci\u00f3n.<\/p>\n<p>Es la vitamina del m\u00fasculo, corrige las miopat\u00edas en los herb\u00edvoros.<\/p>\n<p>Act\u00faa como potencializadora del sistema inmunol\u00f3gico del organismo contra los ataques de las bacterias y virus.<\/p>\n<p><strong><b>Dosis:<\/b><\/strong><\/p>\n<p>Equinos y bovinos: 10-20 mL.<\/p>\n<p>Se recomienda administrar 10 mL de forma subcut\u00e1nea o intramuscular 3 semanas antes del parto a hembras de bovinos y equinos.<\/p>\n<p>Ovinos, caprinos y porcinos: 5-10 mL.<\/p>\n<p>Se recomienda administrar 5-10 mL 90 d\u00edas antes del parto y al destete en hembras adultas de ovinos y porcinos.<\/p>\n<p>Sementales de bovinos, porcinos, ovinos y caprinos administrar cada 6 meses.<\/p>\n<p>Caninos y felinos: 3-5 mL.<\/p>\n<p>Se recomienda repetir la dosis en caninos y felinos entre los 3-6 meses, aunque es preferible el criterio del M\u00e9dico Veterinario para cada caso.<\/p>\n<p><strong><b>Advertencias:<\/b><\/strong><\/p>\n<p>Este producto es de uso exclusivo veterinario.<\/p>\n<p>Su venta requiere receta m\u00e9dica.<\/p>\n<p>Consulte al M\u00e9dico Veterinario.<\/p>\n<p>Uso veterinario.<\/p>\n<p>Mant\u00e9ngase fuera del alcance de los ni\u00f1os y animales dom\u00e9sticos.<\/p>\n<p>Cons\u00e9rvese en un lugar fresco y seco, alejado de la luz del sol.<\/p>\n<p>Mantener a temperaturas entre 15 y 30\u00b0C.<\/p>\n","protected":false},"excerpt":{"rendered":"<p>Si ves este producto agotado, env\u00eda un WhatsApp para revisar si hay en mostrador. Formula: Excipiente oleoso con 20 mg de vitamina E (alfa-tocoferol) por mL (fenolado) 20 mg* Excipiente oleoso, c.b.p. 1 mL. *1 mg = 1.36 U.I. *20 mg = 27.20 U.I. Uso en:\u00a0 \u00a0\u00a0\u00a0\u00a0 \u00a0\u00a0\u00a0 V\u00eda de administraci\u00f3n: Intramuscular o subcut\u00e1nea. Descripci\u00f3n: [&hellip;]<\/p>\n","protected":false},"featured_media":42,"comment_status":"open","ping_status":"closed","template":"","meta":{"_et_pb_use_builder":"","_et_pb_old_content":"","_et_gb_content_width":"","spay_email":""},"_links":{"self":[{"href":"https:\/\/farmaciaveterinarialaconquista.com\/index.php\/wp-json\/wp\/v2\/product\/12"}],"collection":[{"href":"https:\/\/farmaciaveterinarialaconquista.com\/index.php\/wp-json\/wp\/v2\/product"}],"about":[{"href":"https:\/\/farmaciaveterinarialaconquista.com\/index.php\/wp-json\/wp\/v2\/types\/product"}],"replies":[{"embeddable":true,"href":"https:\/\/farmaciaveterinarialaconquista.com\/index.php\/wp-json\/wp\/v2\/comments?post=12"}],"wp:featuredmedia":[{"embeddable":true,"href":"https:\/\/farmaciaveterinarialaconquista.com\/index.php\/wp-json\/wp\/v2\/media\/42"}],"wp:attachment":[{"href":"https:\/\/farmaciaveterinarialaconquista.com\/index.php\/wp-json\/wp\/v2\/media?parent=12"}],"curies":[{"name":"wp","href":"https:\/\/api.w.org\/{rel}","templated":true}]}}