{"id":116,"date":"2020-04-10T02:23:45","date_gmt":"2020-04-10T07:23:45","guid":{"rendered":"http:\/\/farmaciaveterinarialaconquista.com\/index.php\/producto\/import-placeholder-for-356\/"},"modified":"2024-11-18T18:08:45","modified_gmt":"2024-11-19T00:08:45","slug":"k-ton-12-20-ml","status":"publish","type":"product","link":"https:\/\/farmaciaveterinarialaconquista.com\/index.php\/producto\/k-ton-12-20-ml\/","title":{"rendered":"K ton 12 20 ml"},"content":{"rendered":"<p><strong>F\u00f3rmula:<\/strong><\/p>\n<p>Dimetil(oxi)arseniato de sodio 50 mg<\/p>\n<p>Glicerofosfato de sodio 10.5 g<\/p>\n<p>Sulfato de estricnina 1 mg<\/p>\n<p>Vitamina B12 (cianocobalamina) 0.1 mg<\/p>\n<p>Agua grado inyectable, c.b.p. 1 mL.<\/p>\n<p><strong>Uso en:<\/strong><\/p>\n<p>&nbsp;<\/p>\n<p><strong>V\u00eda de administraci\u00f3n:<\/strong><\/p>\n<p>Intramuscular, intravenosa o subcut\u00e1nea.<\/p>\n<p><strong>Descripci\u00f3n:<\/strong><\/p>\n<p>Est\u00e1 indicado en el tratamiento de anemia, paresia posparto, estr\u00e9s, desequilibrio metab\u00f3lico, infertilidad y deficiencia sexual.<\/p>\n<p>Como vigorizante, estimulante del sistema nervioso, para aumentar el metabolismo basal, mejorar el apetito, la conversi\u00f3n alimenticia y el estado general.<\/p>\n<p>El f\u00f3sforo es necesario en el citoplasma celular, el tejido nervioso y los huesos; forma parte de los dientes, de las fosfoprote\u00ednas, nucleoprote\u00ednas, fosfol\u00edpidos y fosfato de hexosa.<\/p>\n<p>La vitamina B12 (cianocobalamina) es hematopoy\u00e9tica, interviene en el metabolismo (anabolismo) esencial para el crecimiento y el aprovechamiento nutricional, act\u00faa en la s\u00edntesis de nucleoprote\u00ednas, la reproducci\u00f3n celular y el mantenimiento de la mielina en el sistema nervioso.<\/p>\n<p>La estricnina estimula el apetito y tonifica el sistema nervioso.<\/p>\n<p>El ars\u00e9nico act\u00faa como reconstituyente celular, en la formaci\u00f3n de gl\u00f3bulos rojos, en la s\u00edntesis de hemoglobina y en la producci\u00f3n de gl\u00f3bulos blancos.<\/p>\n<p><strong>Dosis:<\/strong><\/p>\n<p>Bovinos y equinos: 10-30 mL.<\/p>\n<p>Ovinos y caprinos: 2-5 mL.<\/p>\n<p>Porcinos: 3-10 mL.<\/p>\n<p>Lechones y cabras j\u00f3venes: 1-3 mL.<\/p>\n<p><strong>Advertencias:<\/strong><\/p>\n<p>No deber\u00e1 usarse este producto 5 d\u00edas antes del sacrificio de los animales destinados para consumo humano.<\/p>\n<p>Mant\u00e9ngase fuera del alcance de los ni\u00f1os.<\/p>\n<p>Utilice material est\u00e9ril en cada aplicaci\u00f3n.<\/p>\n<p>Cons\u00e9rvese en un lugar fresco y seco, alejado de la luz del sol.<\/p>\n<p>Se debe dar tiempo de recuperaci\u00f3n al enfermo para evitar riesgos de ca\u00edda por mareo.<\/p>\n<p>Este producto es de uso exclusivo veterinario.<\/p>\n<p>No administrar en equinos destinados al consumo humano.<\/p>\n<p>Mantener a temperatura entre 15 y 30\u00b0C.<\/p>\n<p>Uso veterinario.<\/p>\n<p>Su venta requiere receta m\u00e9dica.<\/p>\n<p>Consulte al M\u00e9dico Veterinario<\/p>\n","protected":false},"excerpt":{"rendered":"<p>F\u00f3rmula: Dimetil(oxi)arseniato de sodio 50 mg Glicerofosfato de sodio 10.5 g Sulfato de estricnina 1 mg Vitamina B12 (cianocobalamina) 0.1 mg Agua grado inyectable, c.b.p. 1 mL. Uso en: &nbsp; V\u00eda de administraci\u00f3n: Intramuscular, intravenosa o subcut\u00e1nea. Descripci\u00f3n: Est\u00e1 indicado en el tratamiento de anemia, paresia posparto, estr\u00e9s, desequilibrio metab\u00f3lico, infertilidad y deficiencia sexual. Como [&hellip;]<\/p>\n","protected":false},"featured_media":169,"comment_status":"open","ping_status":"closed","template":"","meta":{"_et_pb_use_builder":"","_et_pb_old_content":"","_et_gb_content_width":"","spay_email":""},"_links":{"self":[{"href":"https:\/\/farmaciaveterinarialaconquista.com\/index.php\/wp-json\/wp\/v2\/product\/116"}],"collection":[{"href":"https:\/\/farmaciaveterinarialaconquista.com\/index.php\/wp-json\/wp\/v2\/product"}],"about":[{"href":"https:\/\/farmaciaveterinarialaconquista.com\/index.php\/wp-json\/wp\/v2\/types\/product"}],"replies":[{"embeddable":true,"href":"https:\/\/farmaciaveterinarialaconquista.com\/index.php\/wp-json\/wp\/v2\/comments?post=116"}],"wp:featuredmedia":[{"embeddable":true,"href":"https:\/\/farmaciaveterinarialaconquista.com\/index.php\/wp-json\/wp\/v2\/media\/169"}],"wp:attachment":[{"href":"https:\/\/farmaciaveterinarialaconquista.com\/index.php\/wp-json\/wp\/v2\/media?parent=116"}],"curies":[{"name":"wp","href":"https:\/\/api.w.org\/{rel}","templated":true}]}}