{"id":114,"date":"2020-04-10T02:23:45","date_gmt":"2020-04-10T07:23:45","guid":{"rendered":"http:\/\/farmaciaveterinarialaconquista.com\/index.php\/producto\/import-placeholder-for-354\/"},"modified":"2025-12-20T22:09:39","modified_gmt":"2025-12-21T04:09:39","slug":"iverfull-inyectable-10-ml","status":"publish","type":"product","link":"https:\/\/farmaciaveterinarialaconquista.com\/index.php\/producto\/iverfull-inyectable-10-ml\/","title":{"rendered":"Iverfull inyectable 10 ml"},"content":{"rendered":"<p><strong>F\u00f3rmula:<\/strong><\/p>\n<p>Ivermectina 10 mg<\/p>\n<p>Veh\u00edculo, c.b.p. 1 ml.<\/p>\n<p><strong>Uso en:<\/strong><\/p>\n<p><span class=\"bold-entrada\">\u00a0<\/span><span class=\"imgIpp\"><img src=\"http:\/\/www.plmconnection.com\/plmservices\/VetSearchEngine\/M%C3%A9xico\/PEV39\/img\/vaca.png\" alt=\"\" \/><\/span><span class=\"imgIpp\">\u00a0<img src=\"http:\/\/www.plmconnection.com\/plmservices\/VetSearchEngine\/M%C3%A9xico\/PEV39\/img\/toro.png\" alt=\"\" \/>\u00a0<img src=\"http:\/\/www.plmconnection.com\/plmservices\/VetSearchEngine\/M%C3%A9xico\/PEV39\/img\/oveja.png\" alt=\"\" \/>\u00a0<img src=\"http:\/\/www.plmconnection.com\/plmservices\/VetSearchEngine\/M%C3%A9xico\/PEV39\/img\/cabra.png\" alt=\"\" \/> <img src=\"http:\/\/www.plmconnection.com\/plmservices\/VetSearchEngine\/M%C3%A9xico\/PEV39\/img\/porcino.png\" \/><\/span><\/p>\n<p><strong>V\u00eda de administraci\u00f3n:<\/strong><\/p>\n<p>Subcut\u00e1nea.<\/p>\n<p><strong>Descripci\u00f3n:<\/strong><\/p>\n<p>Endectocida en soluci\u00f3n inyectable est\u00e9ril que contiene como principio activo la ivermectina en una concentraci\u00f3n a 1%. Por su amplio espectro de acci\u00f3n est\u00e1 indicado en las infestaciones internas por par\u00e1sitos gastroent\u00e9ricos, pulmonares, renales y algunas externas (\u00e1caros, insectos) con efecto residual, en bovinos, ovinos, caprinos y porcinos.<\/p>\n<p><strong>Dosis:<\/strong><\/p>\n<p>Bovinos, ovinos y caprinos: 1 ml\/50 kg de peso vivo.<\/p>\n<p>Porcinos: 1 ml\/33 kg de peso vivo.<\/p>\n<p>A criterio del M\u00e9dico Veterinario.<\/p>\n<p><strong>Advertencias:<\/strong><\/p>\n<p>No administrar 35 d\u00edas antes del sacrificio de los animales destinados para consumo humano. No administrar a hembras en producci\u00f3n de leche destinada al consumo humano.<\/p>\n<p>Mantenga el envase en su caja para evitar que la luz disminuya su potencia. Utilice jeringas est\u00e9riles para su aplicaci\u00f3n. Cons\u00e9rvese en un lugar fresco y seco, protegido de la luz solar directa y fuentes de calor a una temperatura entre 4 y 30\u00b0C.<\/p>\n<p>Mant\u00e9ngase fuera del alcance de los ni\u00f1os y animales dom\u00e9sticos. Una vez terminado el contenido, destruya y deseche el envase en forma segura.<\/p>\n<p>Producto de uso exclusivamente veterinario.<\/p>\n<p>&nbsp;<\/p>\n","protected":false},"excerpt":{"rendered":"<p>F\u00f3rmula: Ivermectina 10 mg Veh\u00edculo, c.b.p. 1 ml. Uso en: \u00a0\u00a0\u00a0\u00a0 V\u00eda de administraci\u00f3n: Subcut\u00e1nea. Descripci\u00f3n: Endectocida en soluci\u00f3n inyectable est\u00e9ril que contiene como principio activo la ivermectina en una concentraci\u00f3n a 1%. Por su amplio espectro de acci\u00f3n est\u00e1 indicado en las infestaciones internas por par\u00e1sitos gastroent\u00e9ricos, pulmonares, renales y algunas externas (\u00e1caros, insectos) [&hellip;]<\/p>\n","protected":false},"featured_media":167,"comment_status":"open","ping_status":"closed","template":"","meta":{"_et_pb_use_builder":"","_et_pb_old_content":"","_et_gb_content_width":"","spay_email":""},"_links":{"self":[{"href":"https:\/\/farmaciaveterinarialaconquista.com\/index.php\/wp-json\/wp\/v2\/product\/114"}],"collection":[{"href":"https:\/\/farmaciaveterinarialaconquista.com\/index.php\/wp-json\/wp\/v2\/product"}],"about":[{"href":"https:\/\/farmaciaveterinarialaconquista.com\/index.php\/wp-json\/wp\/v2\/types\/product"}],"replies":[{"embeddable":true,"href":"https:\/\/farmaciaveterinarialaconquista.com\/index.php\/wp-json\/wp\/v2\/comments?post=114"}],"wp:featuredmedia":[{"embeddable":true,"href":"https:\/\/farmaciaveterinarialaconquista.com\/index.php\/wp-json\/wp\/v2\/media\/167"}],"wp:attachment":[{"href":"https:\/\/farmaciaveterinarialaconquista.com\/index.php\/wp-json\/wp\/v2\/media?parent=114"}],"curies":[{"name":"wp","href":"https:\/\/api.w.org\/{rel}","templated":true}]}}