{"id":111,"date":"2020-04-10T02:23:45","date_gmt":"2020-04-10T07:23:45","guid":{"rendered":"http:\/\/farmaciaveterinarialaconquista.com\/index.php\/producto\/import-placeholder-for-351\/"},"modified":"2025-09-24T11:57:13","modified_gmt":"2025-09-24T17:57:13","slug":"growlac-sustituto-de-leche-para-perros-450-grs","status":"publish","type":"product","link":"https:\/\/farmaciaveterinarialaconquista.com\/index.php\/producto\/growlac-sustituto-de-leche-para-perros-450-grs\/","title":{"rendered":"Growlac, sustituto de leche para perros 450 grs"},"content":{"rendered":"<p><strong>F\u00f3rmula:<\/strong><\/p>\n<p>An\u00e1lisis garantizado:<\/p>\n<p>Prote\u00edna m\u00ednima 20.00%<\/p>\n<p>Grasa m\u00ednima 22.00%<\/p>\n<p>Fibra m\u00e1xima 0.15%<\/p>\n<p>Humedad m\u00e1xima 5.50%<\/p>\n<p>Minerales m\u00e1xima 8.00%<\/p>\n<p>E.L.N. 44.35%<\/p>\n<p><strong>Uso en:<\/strong><\/p>\n<p><img src=\"http:\/\/www.plmconnection.com\/plmservices\/VetSearchEngine\/M%C3%A9xico\/PEV39\/img\/perro.png\" \/> <img src=\"http:\/\/www.plmconnection.com\/plmservices\/VetSearchEngine\/M%C3%A9xico\/PEV39\/img\/gato.png\" \/><\/p>\n<p><strong>V\u00eda de administraci\u00f3n:<\/strong><\/p>\n<p>Oral<\/p>\n<p><strong>Descripci\u00f3n:<\/strong><\/p>\n<p>Sustituto de leche en polvo para la alimentaci\u00f3n de perros y gatos desde el nacimiento hasta el destete, hembras gestantes y lactantes, pacientes en recuperaci\u00f3n, animales de exposici\u00f3n y geriatras.<\/p>\n<p>Est\u00e1 dise\u00f1ado especialmente para alimentar cachorros desde el nacimiento hasta el destete; tambi\u00e9n puede ser administrado en hembras gestantes y en periodo de lactaci\u00f3n para cubrir los requerimientos nutrimentales de estas etapas. Adem\u00e1s de ser usado como complemento alimenticio en pacientes en recuperaci\u00f3n, geriatras, animales de exposici\u00f3n y todos aquellos que requieran un suplemento de alta digestibilidad.<\/p>\n<p>Leche descremada en polvo, grasa animal bovina, esterol animal D-activado (fuente de vitamina D3) lecitina, D-lisina, cultivo de levadura, suero de mantequilla en polvo suplemento de vitamina A, acetato de alfa tocoferol (fuente de vitamina E), suplemento de riboflavina, D-Pantenol de calcio, suplemento de niacina, suplemento de vitamina B12, complejo de bisulfito de menadiona y sodio (fuente de vitamina K), \u00e1cido f\u00f3lico, mononitrato de tiamina, hidrocloruro de piridoxina, \u00e1cido asc\u00f3rbico (fuente de vitamina C), sal, bicarbonato de sodio, sulfato de manganeso, sulfato de cobalto, dihidroyoduro de etilendiamina y sabor artificial.<\/p>\n<p>Mant\u00e9ngase en un lugar fresco y seco.<\/p>\n<p>Guardar a temperatura entre 10 y 30\u00b0C.<\/p>\n<p>Prot\u00e9jase de la luz solar directa.<\/p>\n<p><strong>Dosis:<\/strong><\/p>\n<p>Se suministra por v\u00eda oral, en raciones que ir\u00e1n de acuerdo al peso del animal y la etapa en que se encuentre.<\/p>\n<p>Los cachorros que comienzan a ingerir alimento s\u00f3lido, disminuir\u00e1n paulatinamente las necesidades del sustituto y con ello la frecuencia de administraci\u00f3n (4 a 8 horas).<\/p>\n<p>Cachorros desde el nacimiento hasta el destete:<\/p>\n<p>Disolver 10 g (2 cucharadas soperas al ras) en 22 mL de agua hervida y tibia (38\u00b0C) equivalentes a 3 cucharadas soperas de agua. Administrar la totalidad de la diluci\u00f3n por cada 100 g de peso cada 3 a 4 horas inicialmente.<\/p>\n<p>Hembras en gestaci\u00f3n y periodo de lactancia:<\/p>\n<p>Disolver 50 g (10 cucharadas soperas al ras) en 500 mL de agua hervida y tibia (38\u00b0C); o administrar sobre el alimento, espolvoreando los 50 g, una vez al d\u00eda durante los 20 d\u00edas anteriores al parto y hasta dos meses despu\u00e9s de \u00e9ste.<\/p>\n<p>Adultos y geriatras como complemento alimenticio:<\/p>\n<p>Disolver 50 g (10 cucharadas soperas al ras) en 500 mL de agua hervida y tibia (38\u00b0C), una a dos veces al d\u00eda.<\/p>\n<p><strong>Advertencias:<\/strong><\/p>\n<p>Producto destinado para el consumo de animales.<\/p>\n<p>En caso de presentar reacciones adversas, suspenda su uso y consulte al M\u00e9dico Veterinario.<\/p>\n<p>Elimine el producto si \u00e9ste presenta cambios de color u olor.<\/p>\n<p>Conservar fuera del alcance de los ni\u00f1os y animales dom\u00e9sticos.<\/p>\n","protected":false},"excerpt":{"rendered":"<p>F\u00f3rmula: An\u00e1lisis garantizado: Prote\u00edna m\u00ednima 20.00% Grasa m\u00ednima 22.00% Fibra m\u00e1xima 0.15% Humedad m\u00e1xima 5.50% Minerales m\u00e1xima 8.00% E.L.N. 44.35% Uso en: V\u00eda de administraci\u00f3n: Oral Descripci\u00f3n: Sustituto de leche en polvo para la alimentaci\u00f3n de perros y gatos desde el nacimiento hasta el destete, hembras gestantes y lactantes, pacientes en recuperaci\u00f3n, animales de exposici\u00f3n [&hellip;]<\/p>\n","protected":false},"featured_media":164,"comment_status":"open","ping_status":"closed","template":"","meta":{"_et_pb_use_builder":"","_et_pb_old_content":"","_et_gb_content_width":"","spay_email":""},"_links":{"self":[{"href":"https:\/\/farmaciaveterinarialaconquista.com\/index.php\/wp-json\/wp\/v2\/product\/111"}],"collection":[{"href":"https:\/\/farmaciaveterinarialaconquista.com\/index.php\/wp-json\/wp\/v2\/product"}],"about":[{"href":"https:\/\/farmaciaveterinarialaconquista.com\/index.php\/wp-json\/wp\/v2\/types\/product"}],"replies":[{"embeddable":true,"href":"https:\/\/farmaciaveterinarialaconquista.com\/index.php\/wp-json\/wp\/v2\/comments?post=111"}],"wp:featuredmedia":[{"embeddable":true,"href":"https:\/\/farmaciaveterinarialaconquista.com\/index.php\/wp-json\/wp\/v2\/media\/164"}],"wp:attachment":[{"href":"https:\/\/farmaciaveterinarialaconquista.com\/index.php\/wp-json\/wp\/v2\/media?parent=111"}],"curies":[{"name":"wp","href":"https:\/\/api.w.org\/{rel}","templated":true}]}}