{"id":110,"date":"2020-04-10T02:23:45","date_gmt":"2020-04-10T07:23:45","guid":{"rendered":"http:\/\/farmaciaveterinarialaconquista.com\/index.php\/producto\/import-placeholder-for-350\/"},"modified":"2024-11-18T18:07:10","modified_gmt":"2024-11-19T00:07:10","slug":"gentomicyn-super-100-ml","status":"publish","type":"product","link":"https:\/\/farmaciaveterinarialaconquista.com\/index.php\/producto\/gentomicyn-super-100-ml\/","title":{"rendered":"Gentomicyn super 100 ml"},"content":{"rendered":"<p><strong>F\u00f3rmula:<\/strong><\/p>\n<p>Sulfato de gentamicina equivalente a gentamicina base 100 mg<\/p>\n<p>Veh\u00edculo, c.b.p. 1 mL.<\/p>\n<p><strong>Uso en:<\/strong><\/p>\n<p class=\"Normal\"><span class=\"imgIpp\"><img src=\"http:\/\/www.plmconnection.com\/plmservices\/VetSearchEngine\/M%C3%A9xico\/PEV39\/img\/vaca.png\" alt=\"\" \/>\u00a0<img src=\"http:\/\/www.plmconnection.com\/plmservices\/VetSearchEngine\/M%C3%A9xico\/PEV39\/img\/toro.png\" alt=\"\" \/>\u00a0<\/span><span class=\"imgIpp\"><img src=\"http:\/\/www.plmconnection.com\/plmservices\/VetSearchEngine\/M%C3%A9xico\/PEV39\/img\/becerro.png\" alt=\"\" \/>\u00a0<\/span><span class=\"imgIpp\"><img src=\"http:\/\/www.plmconnection.com\/plmservices\/VetSearchEngine\/M%C3%A9xico\/PEV39\/img\/porcino.png\" alt=\"\" \/>\u00a0<\/span><span class=\"imgIpp\"><img src=\"http:\/\/www.plmconnection.com\/plmservices\/VetSearchEngine\/M%C3%A9xico\/PEV39\/img\/caballo.png\" alt=\"\" \/> \u00a0<\/span><span class=\"imgIpp\"><img src=\"http:\/\/www.plmconnection.com\/plmservices\/VetSearchEngine\/M%C3%A9xico\/PEV39\/img\/gallina.png\" alt=\"\" \/>\u00a0<img src=\"http:\/\/www.plmconnection.com\/plmservices\/VetSearchEngine\/M%C3%A9xico\/PEV39\/img\/gallina1.png\" alt=\"\" \/>\u00a0<img src=\"http:\/\/www.plmconnection.com\/plmservices\/VetSearchEngine\/M%C3%A9xico\/PEV39\/img\/gallo.png\" alt=\"\" \/>\u00a0<\/span><span class=\"imgIpp\"><img src=\"http:\/\/www.plmconnection.com\/plmservices\/VetSearchEngine\/M%C3%A9xico\/PEV39\/img\/pavo.png\" alt=\"\" \/>\u00a0<\/span><span class=\"imgIpp\"><img src=\"http:\/\/www.plmconnection.com\/plmservices\/VetSearchEngine\/M%C3%A9xico\/PEV39\/img\/perro.png\" alt=\"\" \/>\u00a0<img src=\"http:\/\/www.plmconnection.com\/plmservices\/VetSearchEngine\/M%C3%A9xico\/PEV39\/img\/gato.png\" alt=\"\" \/><\/span><\/p>\n<p><strong>V\u00eda de administraci\u00f3n:<\/strong><\/p>\n<p>Intramuscular, intravenosa, subcut\u00e1nea, intramamaria, intrauterina y oral.<\/p>\n<p><strong>Descripci\u00f3n:<\/strong><\/p>\n<p>Enfermedades infecciosas provocadas por g\u00e9rmenes sensibles a la gentamicina.<\/p>\n<p><strong>Dosis:\u00a0\u00a0\u00a0\u00a0\u00a0\u00a0\u00a0\u00a0\u00a0\u00a0\u00a0<\/strong><\/p>\n<p>0.04 mL\/kg (equivalente a 1 mL\/25 kg) en infecciones respiratorias y septicemias.<\/p>\n<p><strong>Advertencias:<\/strong><\/p>\n<p>No usar este producto por 40 d\u00edas antes del sacrificio de los animales destinados para consumo humano.<\/p>\n<p>No administrar en equinos destinados al consumo humano.<\/p>\n<p>No administrar en aves en producci\u00f3n de huevo para consumo humano.<\/p>\n<p>No administrar en hembras en producci\u00f3n de leche para consumo humano.<\/p>\n<p>V\u00eda intramamaria no utilizar la leche para consumo humano de animales tratados con este producto hasta 13 orde\u00f1as despu\u00e9s de la \u00faltima aplicaci\u00f3n.<\/p>\n<p>Mant\u00e9ngase fuera del alcance de los ni\u00f1os y animales dom\u00e9sticos.<\/p>\n<p>Cons\u00e9rvese en un lugar fresco y seco alejado de la luz del sol.<\/p>\n<p>Mantener a temperaturas entre 15 y 30\u00baC.<\/p>\n<p>Uso veterinario<\/p>\n","protected":false},"excerpt":{"rendered":"<p>F\u00f3rmula: Sulfato de gentamicina equivalente a gentamicina base 100 mg Veh\u00edculo, c.b.p. 1 mL. Uso en: \u00a0\u00a0\u00a0\u00a0 \u00a0\u00a0\u00a0\u00a0\u00a0\u00a0 V\u00eda de administraci\u00f3n: Intramuscular, intravenosa, subcut\u00e1nea, intramamaria, intrauterina y oral. Descripci\u00f3n: Enfermedades infecciosas provocadas por g\u00e9rmenes sensibles a la gentamicina. Dosis:\u00a0\u00a0\u00a0\u00a0\u00a0\u00a0\u00a0\u00a0\u00a0\u00a0\u00a0 0.04 mL\/kg (equivalente a 1 mL\/25 kg) en infecciones respiratorias y septicemias. Advertencias: No usar este [&hellip;]<\/p>\n","protected":false},"featured_media":163,"comment_status":"open","ping_status":"closed","template":"","meta":{"_et_pb_use_builder":"","_et_pb_old_content":"","_et_gb_content_width":"","spay_email":""},"_links":{"self":[{"href":"https:\/\/farmaciaveterinarialaconquista.com\/index.php\/wp-json\/wp\/v2\/product\/110"}],"collection":[{"href":"https:\/\/farmaciaveterinarialaconquista.com\/index.php\/wp-json\/wp\/v2\/product"}],"about":[{"href":"https:\/\/farmaciaveterinarialaconquista.com\/index.php\/wp-json\/wp\/v2\/types\/product"}],"replies":[{"embeddable":true,"href":"https:\/\/farmaciaveterinarialaconquista.com\/index.php\/wp-json\/wp\/v2\/comments?post=110"}],"wp:featuredmedia":[{"embeddable":true,"href":"https:\/\/farmaciaveterinarialaconquista.com\/index.php\/wp-json\/wp\/v2\/media\/163"}],"wp:attachment":[{"href":"https:\/\/farmaciaveterinarialaconquista.com\/index.php\/wp-json\/wp\/v2\/media?parent=110"}],"curies":[{"name":"wp","href":"https:\/\/api.w.org\/{rel}","templated":true}]}}