{"id":11,"date":"2020-04-10T02:22:35","date_gmt":"2020-04-10T07:22:35","guid":{"rendered":"http:\/\/farmaciaveterinarialaconquista.com\/index.php\/producto\/import-placeholder-for-264\/"},"modified":"2025-11-03T14:59:56","modified_gmt":"2025-11-03T20:59:56","slug":"3-sulfas-100-ml","status":"publish","type":"product","link":"https:\/\/farmaciaveterinarialaconquista.com\/index.php\/producto\/3-sulfas-100-ml\/","title":{"rendered":"Tres Sulfas 100 ml"},"content":{"rendered":"<p><strong><b>F\u00f3rmula:<\/b><\/strong><\/p>\n<table>\n<tbody>\n<tr>\n<td>Sulfametazina<\/td>\n<td>6.66 g<\/td>\n<\/tr>\n<tr>\n<td>Sulfamerazina<\/td>\n<td>6.66 g<\/td>\n<\/tr>\n<tr>\n<td>Sulfadiazina<\/td>\n<td>6.66 g<\/td>\n<\/tr>\n<tr>\n<td colspan=\"2\">Veh\u00edculo c.b.p. 100 ml.<\/td>\n<\/tr>\n<\/tbody>\n<\/table>\n<p><strong><b>Uso en:<\/b><\/strong><\/p>\n<p class=\"Normal\"><span class=\"bold-entrada\">\u00a0<\/span><span class=\"imgIpp\"><img src=\"http:\/\/www.plmconnection.com\/plmservices\/VetSearchEngine\/M%C3%A9xico\/PEV39\/img\/vaca.png\" alt=\"\" \/>\u00a0<img src=\"http:\/\/www.plmconnection.com\/plmservices\/VetSearchEngine\/M%C3%A9xico\/PEV39\/img\/toro.png\" alt=\"\" \/>\u00a0<img src=\"http:\/\/www.plmconnection.com\/plmservices\/VetSearchEngine\/M%C3%A9xico\/PEV39\/img\/becerro.png\" alt=\"\" \/>\u00a0<img src=\"http:\/\/www.plmconnection.com\/plmservices\/VetSearchEngine\/M%C3%A9xico\/PEV39\/img\/caballo.png\" alt=\"\" \/> \u00a0<\/span><span class=\"imgIpp\"><img src=\"http:\/\/www.plmconnection.com\/plmservices\/VetSearchEngine\/M%C3%A9xico\/PEV39\/img\/oveja.png\" alt=\"\" \/>\u00a0<img src=\"http:\/\/www.plmconnection.com\/plmservices\/VetSearchEngine\/M%C3%A9xico\/PEV39\/img\/cabra.png\" alt=\"\" \/>\u00a0<img src=\"http:\/\/www.plmconnection.com\/plmservices\/VetSearchEngine\/M%C3%A9xico\/PEV39\/img\/gallina.png\" alt=\"\" \/><\/span><\/p>\n<p><strong><b>V\u00eda de administraci\u00f3n:<\/b><\/strong><\/p>\n<p>Oral<\/p>\n<p><strong><b>Descripci\u00f3n:<\/b><\/strong><\/p>\n<p>3 sulfas inyectable se usa en el tratamiento de los bovinos, ovinos y caprinos en las infecciones causadas por g\u00e9rmenes sensibles a las sulfas.<\/p>\n<p><strong><b>Dosis:<\/b><\/strong><\/p>\n<p>Bovinos y equinos: 50 ml por cada 100 kg de peso corporal, v\u00eda intravenosa.<\/p>\n<p>Cerdos, ovinos, caprinos y perros: 7 ml por cada 10 kg de peso corporal, v\u00eda intravenosa e intramuscular en el cerdo.<\/p>\n<p>Aves: 0.5 ml\/kg de peso corporal, intramuscular o 5 ml en 1 litro de agua de bebida durante 2 a 3 d\u00edas, seguidos de un descanso de 2 a 3 d\u00edas y repitiendo la administraci\u00f3n 2 a 3 d\u00edas m\u00e1s<\/p>\n","protected":false},"excerpt":{"rendered":"<p>F\u00f3rmula: Sulfametazina 6.66 g Sulfamerazina 6.66 g Sulfadiazina 6.66 g Veh\u00edculo c.b.p. 100 ml. Uso en: \u00a0\u00a0\u00a0\u00a0 \u00a0\u00a0\u00a0 V\u00eda de administraci\u00f3n: Oral Descripci\u00f3n: 3 sulfas inyectable se usa en el tratamiento de los bovinos, ovinos y caprinos en las infecciones causadas por g\u00e9rmenes sensibles a las sulfas. Dosis: Bovinos y equinos: 50 ml por cada [&hellip;]<\/p>\n","protected":false},"featured_media":41,"comment_status":"open","ping_status":"closed","template":"","meta":{"_et_pb_use_builder":"","_et_pb_old_content":"","_et_gb_content_width":"","spay_email":""},"_links":{"self":[{"href":"https:\/\/farmaciaveterinarialaconquista.com\/index.php\/wp-json\/wp\/v2\/product\/11"}],"collection":[{"href":"https:\/\/farmaciaveterinarialaconquista.com\/index.php\/wp-json\/wp\/v2\/product"}],"about":[{"href":"https:\/\/farmaciaveterinarialaconquista.com\/index.php\/wp-json\/wp\/v2\/types\/product"}],"replies":[{"embeddable":true,"href":"https:\/\/farmaciaveterinarialaconquista.com\/index.php\/wp-json\/wp\/v2\/comments?post=11"}],"wp:featuredmedia":[{"embeddable":true,"href":"https:\/\/farmaciaveterinarialaconquista.com\/index.php\/wp-json\/wp\/v2\/media\/41"}],"wp:attachment":[{"href":"https:\/\/farmaciaveterinarialaconquista.com\/index.php\/wp-json\/wp\/v2\/media?parent=11"}],"curies":[{"name":"wp","href":"https:\/\/api.w.org\/{rel}","templated":true}]}}