{"id":1084,"date":"2025-09-19T15:34:16","date_gmt":"2025-09-19T21:34:16","guid":{"rendered":"http:\/\/farmaciaveterinarialaconquista.com\/?post_type=product&#038;p=1084"},"modified":"2025-09-19T15:41:18","modified_gmt":"2025-09-19T21:41:18","slug":"vermi-horse-pasta-para-caballo","status":"publish","type":"product","link":"https:\/\/farmaciaveterinarialaconquista.com\/index.php\/producto\/vermi-horse-pasta-para-caballo\/","title":{"rendered":"Vermi horse pasta para caballo"},"content":{"rendered":"<p><strong><span style=\"color: #00aaff\">F\u00f3rmula:<\/span><\/strong><\/p>\n<p>Cada 100 g contiene:<\/p>\n<p>Ivermectina&#8230;&#8230;&#8230;&#8230;&#8230;&#8230;&#8230;&#8230;&#8230;&#8230;&#8230;&#8230;&#8230;&#8230;&#8230;.\u00a0 1.20 g<\/p>\n<p>Prazicuantel&#8230;&#8230;&#8230;&#8230;&#8230;&#8230;&#8230;&#8230;&#8230;&#8230;&#8230;&#8230;&#8230;&#8230;&#8230;&#8230; 6.0 g<\/p>\n<p>Vitamina E\u2026\u2026.\u2026\u2026\u2026\u2026\u2026\u2026\u2026\u2026\u2026\u2026\u00a0 0.00042 g<\/p>\n<p>Veh\u00edculo c.b.p&#8230;&#8230;&#8230;&#8230;&#8230;&#8230;&#8230;&#8230;&#8230;&#8230;&#8230;&#8230;&#8230;&#8230;.\u00a0\u00a0\u00a0\u00a0 100 g.<\/p>\n<p><span style=\"color: #00aaff\"><strong>Uso en: \u00a0<\/strong><\/span><\/p>\n<p><img loading=\"lazy\" class=\"alignnone\" src=\"http:\/\/www.plmconnection.com\/plmservices\/VetSearchEngine\/M%C3%A9xico\/PEV39\/img\/caballo.png\" alt=\"caballo.png\" width=\"54\" height=\"75\" \/><\/p>\n<p><span style=\"color: #00aaff\"><strong>V\u00eda de administraci\u00f3n:<\/strong><\/span><\/p>\n<p>Oral<\/p>\n<p><span style=\"color: #00aaff\"><strong>Descripci\u00f3n:<\/strong><\/span><\/p>\n<p>La pasta Vermi-Horse\u00ae es un antihelm\u00edntico de amplio espectro, complementado con vitamina E. La Ivermectina\u00a0 y Prazicuantel son antiparasitarios\u00a0 ampliamente estudiados,mostrando ser excelentes en el control y tratamiento de las enfermedades parasitarias de los Equinos. El mecanismo de acci\u00f3n de la Ivermectina\u00a0 se manifiesta directamente sobre el sistema nervioso de los nematodos\u00a0 uni\u00e9ndose a los canales ani\u00f3nicos\u00a0 glutamados del calcio, del \u00e1cido\u00a0 gama amino but\u00edrico\u00a0 (GABA)\u00a0 que est\u00e1n presentes en los nervios\u00a0 y en las c\u00e9lulas musculares de los invertebrados , causando par\u00e1lisis muscular\u00a0 de la faringe\u00a0 y muerte de\u00a0 los par\u00e1sitos\u00a0 por asfixia e inanici\u00f3n. La Ivermectina sinergiza al GABA\u00a0 estimulando\u00a0 la conductancia del GABA, es decir\u00a0 estimula inhibe el sistema\u00a0\u00a0 de actividades funcionales no vitales, teniendo amplio espectro endoparasiticida paralizando\u00a0 nematodos. El mecanismo de acci\u00f3n de Prazicuantel\u00a0 consiste en un aumento de permeabilidad de la membrana celular al i\u00f3n calcio, lo que lleva\u00a0 a una concentraci\u00f3n\u00a0 de calcio en el m\u00fasculo muy\u00a0 marcada, manifest\u00e1ndose\u00a0 en una par\u00e1lisis\u00a0 muscular esp\u00e1stica, adem\u00e1s\u00a0 de la vacuolizaci\u00f3n\u00a0 y desintegraci\u00f3n\u00a0 del tegumento (envoltura parasitaria) dejando inerte al par\u00e1sito.\u00a0 La vitamina E ayuda al potencializar el sistema inmunol\u00f3gico y acelerar la recuperaci\u00f3n de las mucosas da\u00f1adas por\u00a0 el ataque parasitario.<\/p>\n<p><span style=\"color: #33b1ff\"><strong>Dosis:<\/strong><\/span><\/p>\n<p>El contenido completo de una jeringa para 600 kg de peso o girar la rosca sobre el embolo de acuerdo al peso del animal hasta la marca de los 100, 200, 400, 500 kg de peso, para un buen control parasitario se recomienda la utilizaci\u00f3n de vermi-horse cada 3 meses<\/p>\n<p><span style=\"color: #00aaff\"><strong>Advertencias:<\/strong><\/span><\/p>\n<p>Los signos que pueden presentarse por sobredosis de Prazicuantel son: trastornos gastrointestinales, en menor grado, cefalea, fiebre, debilidad, salpullido, prurito y ataxia. En el caso de la ivermectina y solo en escasas ocasiones se puede presentar ataxia, bradipnea, parpados ca\u00eddos, disminuci\u00f3n de la actividad, temblores, midriasis.\u00a0 Estas alteraciones solo se presentar\u00e1n al dar hasta 5 veces m\u00e1s la dosis terap\u00e9utica recomendada.<\/p>\n<p>Si requieres una cotizaci\u00f3n puedes enviarnos WhatsApp, recuerda enviar tu comprobante de pago al numero 4731397892<\/p>\n","protected":false},"excerpt":{"rendered":"<p>F\u00f3rmula: Cada 100 g contiene: Ivermectina&#8230;&#8230;&#8230;&#8230;&#8230;&#8230;&#8230;&#8230;&#8230;&#8230;&#8230;&#8230;&#8230;&#8230;&#8230;.\u00a0 1.20 g Prazicuantel&#8230;&#8230;&#8230;&#8230;&#8230;&#8230;&#8230;&#8230;&#8230;&#8230;&#8230;&#8230;&#8230;&#8230;&#8230;&#8230; 6.0 g Vitamina E\u2026\u2026.\u2026\u2026\u2026\u2026\u2026\u2026\u2026\u2026\u2026\u2026\u00a0 0.00042 g Veh\u00edculo c.b.p&#8230;&#8230;&#8230;&#8230;&#8230;&#8230;&#8230;&#8230;&#8230;&#8230;&#8230;&#8230;&#8230;&#8230;.\u00a0\u00a0\u00a0\u00a0 100 g. Uso en: \u00a0 V\u00eda de administraci\u00f3n: Oral Descripci\u00f3n: La pasta Vermi-Horse\u00ae es un antihelm\u00edntico de amplio espectro, complementado con vitamina E. La Ivermectina\u00a0 y Prazicuantel son antiparasitarios\u00a0 ampliamente estudiados,mostrando ser excelentes en el control y tratamiento [&hellip;]<\/p>\n","protected":false},"featured_media":1085,"comment_status":"open","ping_status":"closed","template":"","meta":{"_et_pb_use_builder":"","_et_pb_old_content":"","_et_gb_content_width":"","spay_email":""},"_links":{"self":[{"href":"https:\/\/farmaciaveterinarialaconquista.com\/index.php\/wp-json\/wp\/v2\/product\/1084"}],"collection":[{"href":"https:\/\/farmaciaveterinarialaconquista.com\/index.php\/wp-json\/wp\/v2\/product"}],"about":[{"href":"https:\/\/farmaciaveterinarialaconquista.com\/index.php\/wp-json\/wp\/v2\/types\/product"}],"replies":[{"embeddable":true,"href":"https:\/\/farmaciaveterinarialaconquista.com\/index.php\/wp-json\/wp\/v2\/comments?post=1084"}],"wp:featuredmedia":[{"embeddable":true,"href":"https:\/\/farmaciaveterinarialaconquista.com\/index.php\/wp-json\/wp\/v2\/media\/1085"}],"wp:attachment":[{"href":"https:\/\/farmaciaveterinarialaconquista.com\/index.php\/wp-json\/wp\/v2\/media?parent=1084"}],"curies":[{"name":"wp","href":"https:\/\/api.w.org\/{rel}","templated":true}]}}