{"id":108,"date":"2020-04-10T02:23:44","date_gmt":"2020-04-10T07:23:44","guid":{"rendered":"http:\/\/farmaciaveterinarialaconquista.com\/index.php\/producto\/import-placeholder-for-348\/"},"modified":"2025-11-22T03:01:51","modified_gmt":"2025-11-22T09:01:51","slug":"galliforte-100-grageas","status":"publish","type":"product","link":"https:\/\/farmaciaveterinarialaconquista.com\/index.php\/producto\/galliforte-100-grageas\/","title":{"rendered":"Galliforte 100 grageas"},"content":{"rendered":"<p><strong>F\u00f3rmula:\u00a0<\/strong><\/p>\n<p>Vitamina A 50 U.I.<\/p>\n<p>Vitamina D 15 U.I.<\/p>\n<p>Vitamina E 10 mg<\/p>\n<p>Vitamina B2 2 mg<\/p>\n<p>Vitamina B3 1 mg<\/p>\n<p>Pantotenato de calcio 2 mg<\/p>\n<p>Vitamina B12 2 mcg<\/p>\n<p>Vitamina K 2 mg<\/p>\n<p>Nuez v\u00f3mica 1 mg<\/p>\n<p>Carbonato de calcio 30 mg<\/p>\n<p>Fosfato de calcio dib\u00e1sico 10 mg<\/p>\n<p>Metiltestosterona 2 mg<\/p>\n<p>Sulfato de magnesio 2 mg<\/p>\n<p>Cloruro de sodio 1 mg<\/p>\n<p>Sulfato ferroso 5 mg<\/p>\n<p>Excipiente, c.b.p. 1 gragea<\/p>\n<p><strong>Uso en:<\/strong><\/p>\n<p><strong>V\u00eda de administraci\u00f3n:<\/strong><\/p>\n<p>Oral, directamente en el pico.<\/p>\n<p><strong>Descripci\u00f3n:<\/strong><\/p>\n<p>Es un reconstituyente vitam\u00ednico y mineral que contribuye a incrementar la agilidad, fortaleza y resistencia de las aves de combate.<\/p>\n<p>Est\u00e1 indicado para el tratamiento de avitaminosis, estr\u00e9s, des\u00f3rdenes metab\u00f3licos y como suplemento nutricional en aves de combate.<\/p>\n<p>Potencializa el instinto agresivo del ave y estimula el correcto funcionamiento metab\u00f3lico de su organismo.<\/p>\n<p>Al momento del combate estimula la fijaci\u00f3n y el aporte de ox\u00edgeno en la sangre del ave, permitiendo mantener el vigor en los momentos cr\u00edticos.<\/p>\n<p>Coadyuva en el control de hemorragias y estimula la pronta cicatrizaci\u00f3n de heridas.<\/p>\n<p>Promueve el incremento de la resistencia org\u00e1nica ante situaciones de tensi\u00f3n como el periodo de entrenamiento, cambio de pluma y el transporte.<\/p>\n<p>Mejora el crecimiento, desarrollo y el aspecto f\u00edsico de los pollos (mejora la brillantez, color y calidad del plumaje).<\/p>\n<p>Prohibido consumir la carne o subproductos de las aves tratadas.<\/p>\n<p>Los recipientes vac\u00edos y cualquier contenido residual deben ser desechados, enterr\u00e1ndolos o inciner\u00e1ndolos.<\/p>\n<p>Para uso exclusivo del M\u00e9dico Veterinario.<\/p>\n<p>Su venta requiere receta m\u00e9dica cuantificada.<\/p>\n<p><strong>Dosis:<\/strong><\/p>\n<p>Una gragea al d\u00eda antes del alimento, durante 10 d\u00edas.<\/p>\n<p>Dos grageas al d\u00eda, cinco d\u00edas antes de la pelea o exhibici\u00f3n.<\/p>\n<p><strong>Advertencias:<\/strong><\/p>\n<p>No sobrepasar la dosis recomendada.<\/p>\n<p>A las dosis y por los periodos recomendados, normalmente no se presentan trastornos.<\/p>\n<p>Sobredosificaciones pueden repercutir en la letargia, descalcificaci\u00f3n, temblores, convulsiones e incluso la muerte.<\/p>\n<p>Conservar el producto en un lugar seco y protegido de la luz, a una temperatura entre 15 y 30\u00b0C.<\/p>\n<p>No se deje al alcance de los ni\u00f1os ni animales dom\u00e9sticos.<\/p>\n","protected":false},"excerpt":{"rendered":"<p>F\u00f3rmula:\u00a0 Vitamina A 50 U.I. Vitamina D 15 U.I. Vitamina E 10 mg Vitamina B2 2 mg Vitamina B3 1 mg Pantotenato de calcio 2 mg Vitamina B12 2 mcg Vitamina K 2 mg Nuez v\u00f3mica 1 mg Carbonato de calcio 30 mg Fosfato de calcio dib\u00e1sico 10 mg Metiltestosterona 2 mg Sulfato de magnesio [&hellip;]<\/p>\n","protected":false},"featured_media":150,"comment_status":"open","ping_status":"closed","template":"","meta":{"_et_pb_use_builder":"","_et_pb_old_content":"","_et_gb_content_width":"","spay_email":""},"_links":{"self":[{"href":"https:\/\/farmaciaveterinarialaconquista.com\/index.php\/wp-json\/wp\/v2\/product\/108"}],"collection":[{"href":"https:\/\/farmaciaveterinarialaconquista.com\/index.php\/wp-json\/wp\/v2\/product"}],"about":[{"href":"https:\/\/farmaciaveterinarialaconquista.com\/index.php\/wp-json\/wp\/v2\/types\/product"}],"replies":[{"embeddable":true,"href":"https:\/\/farmaciaveterinarialaconquista.com\/index.php\/wp-json\/wp\/v2\/comments?post=108"}],"wp:featuredmedia":[{"embeddable":true,"href":"https:\/\/farmaciaveterinarialaconquista.com\/index.php\/wp-json\/wp\/v2\/media\/150"}],"wp:attachment":[{"href":"https:\/\/farmaciaveterinarialaconquista.com\/index.php\/wp-json\/wp\/v2\/media?parent=108"}],"curies":[{"name":"wp","href":"https:\/\/api.w.org\/{rel}","templated":true}]}}