{"id":1072,"date":"2025-05-03T16:10:19","date_gmt":"2025-05-03T22:10:19","guid":{"rendered":"http:\/\/farmaciaveterinarialaconquista.com\/?post_type=product&#038;p=1072"},"modified":"2025-05-03T16:42:35","modified_gmt":"2025-05-03T22:42:35","slug":"hidropen-250-ml","status":"publish","type":"product","link":"https:\/\/farmaciaveterinarialaconquista.com\/index.php\/producto\/hidropen-250-ml\/","title":{"rendered":"Hidropen 250 ml"},"content":{"rendered":"<p>Si ves este producto agotado, env\u00eda un WhatsApp para revisar si hay en mostrador.<\/p>\n<p><strong>Formula:<\/strong><\/p>\n<p>Penicilina G proca\u00edna 200,000 U.I.<\/p>\n<p>Sulfato de dihidroestreptomicina equivalente a dihidroestreptomicina base 250 mg<\/p>\n<p>Clorhidrato de procaina 20 mg<\/p>\n<p>Veh\u00edculo, c.b.p. 1 mL.<\/p>\n<p><strong>Uso en:<\/strong><\/p>\n<p><img src=\"http:\/\/www.plmconnection.com\/plmservices\/VetSearchEngine\/M%C3%A9xico\/PEV39\/img\/vaca.png\" alt=\"vaca.png\" \/> <img src=\"http:\/\/www.plmconnection.com\/plmservices\/VetSearchEngine\/M%C3%A9xico\/PEV39\/img\/toro.png\" alt=\"toro.png\" \/> <img src=\"http:\/\/www.plmconnection.com\/plmservices\/VetSearchEngine\/M%C3%A9xico\/PEV39\/img\/caballo.png\" alt=\"caballo.png\" \/> <img src=\"http:\/\/www.plmconnection.com\/plmservices\/VetSearchEngine\/M%C3%A9xico\/PEV39\/img\/porcino.png\" alt=\"porcino.png\" \/> <img src=\"http:\/\/www.plmconnection.com\/plmservices\/VetSearchEngine\/M%C3%A9xico\/PEV39\/img\/oveja.png\" alt=\"oveja.png\" \/> <img src=\"http:\/\/www.plmconnection.com\/plmservices\/VetSearchEngine\/M%C3%A9xico\/PEV39\/img\/cabra.png\" alt=\"cabra.png\" \/> <img src=\"http:\/\/www.plmconnection.com\/plmservices\/VetSearchEngine\/M%C3%A9xico\/PEV39\/img\/perro.png\" alt=\"perro.png\" \/> <img src=\"http:\/\/www.plmconnection.com\/plmservices\/VetSearchEngine\/M%C3%A9xico\/PEV39\/img\/gato.png\" alt=\"gato.png\" \/><\/p>\n<p><strong>V\u00eda de administraci\u00f3n:<\/strong><\/p>\n<p>Intramuscular e intramamaria<\/p>\n<p><strong>Descripci\u00f3n:<\/strong><\/p>\n<p>Para tratamiento de infecciones provocadas por g\u00e9rmenes Gram positivos y Gram negativos. Infecciones primarias, secundarias o cr\u00f3nicas.<\/p>\n<p><strong>Dosis:<\/strong><\/p>\n<p>Bovinos productores de carne, bovinos productores de leche y equinos: 2-3 ml por cada 50 kg de p.v.<\/p>\n<p>Porcinos, ovinos y caprinos: 1 ml por cada 10 kg de p. v.<\/p>\n<p>Caninos y felinos: 0.5 ml por cada 5 kg de p.v.<\/p>\n<p><strong>Advertencias:<\/strong><\/p>\n<p>Use material completamente est\u00e9ril<\/p>\n<p>Agite bien antes de usarse.<\/p>\n<p>No administrar en equinos destinados al consumo humano.<\/p>\n<p>La leche de animales tratados no deber\u00e1 ser consumida hasta 72 horas despu\u00e9s de su ultimo tratamiento.<\/p>\n<p>No se administre a animales susceptibles a los componentes de la f\u00f3rmula.<\/p>\n<p>No deber\u00e1n ser usados 30 d\u00edas antes del sacrificio de animales destinados para el consumo humano.<\/p>\n<p>Cons\u00e9rvese en un lugar fresco y seco, alejado de la luz del sol. Mantener a temperatura entre 15 y 30\u00baC.<\/p>\n<p>Mant\u00e9ngase fuera del alcance de los ni\u00f1os y animales dom\u00e9sticos<\/p>\n<p>Uso veterinario.<\/p>\n<p>Su venta requiere receta m\u00e9dica.<\/p>\n<p>Consulte al M\u00e9dico Veterinario.<\/p>\n<p>Este producto es de uso exclusivo veterinario.<\/p>\n<p>Este establecimiento solo vende productos originales.<\/p>\n<p>Verifica por WhatsApp la disponibilidad, estamos en Guanajuato<\/p>\n<p>Este producto incluye env\u00edo gratis dentro de la republica mexicana hasta agotar existencias.<\/p>\n","protected":false},"excerpt":{"rendered":"<p>Si ves este producto agotado, env\u00eda un WhatsApp para revisar si hay en mostrador. Formula: Penicilina G proca\u00edna 200,000 U.I. Sulfato de dihidroestreptomicina equivalente a dihidroestreptomicina base 250 mg Clorhidrato de procaina 20 mg Veh\u00edculo, c.b.p. 1 mL. Uso en: V\u00eda de administraci\u00f3n: Intramuscular e intramamaria Descripci\u00f3n: Para tratamiento de infecciones provocadas por g\u00e9rmenes Gram [&hellip;]<\/p>\n","protected":false},"featured_media":1073,"comment_status":"open","ping_status":"closed","template":"","meta":{"_et_pb_use_builder":"","_et_pb_old_content":"","_et_gb_content_width":"","spay_email":""},"_links":{"self":[{"href":"https:\/\/farmaciaveterinarialaconquista.com\/index.php\/wp-json\/wp\/v2\/product\/1072"}],"collection":[{"href":"https:\/\/farmaciaveterinarialaconquista.com\/index.php\/wp-json\/wp\/v2\/product"}],"about":[{"href":"https:\/\/farmaciaveterinarialaconquista.com\/index.php\/wp-json\/wp\/v2\/types\/product"}],"replies":[{"embeddable":true,"href":"https:\/\/farmaciaveterinarialaconquista.com\/index.php\/wp-json\/wp\/v2\/comments?post=1072"}],"wp:featuredmedia":[{"embeddable":true,"href":"https:\/\/farmaciaveterinarialaconquista.com\/index.php\/wp-json\/wp\/v2\/media\/1073"}],"wp:attachment":[{"href":"https:\/\/farmaciaveterinarialaconquista.com\/index.php\/wp-json\/wp\/v2\/media?parent=1072"}],"curies":[{"name":"wp","href":"https:\/\/api.w.org\/{rel}","templated":true}]}}