{"id":107,"date":"2020-04-10T02:23:44","date_gmt":"2020-04-10T07:23:44","guid":{"rendered":"http:\/\/farmaciaveterinarialaconquista.com\/index.php\/producto\/import-placeholder-for-347\/"},"modified":"2022-09-24T13:01:20","modified_gmt":"2022-09-24T18:01:20","slug":"fortex-50-tbs","status":"publish","type":"product","link":"https:\/\/farmaciaveterinarialaconquista.com\/index.php\/producto\/fortex-50-tbs\/","title":{"rendered":"Fortex 50 tbs"},"content":{"rendered":"<p><strong>Formula:<\/strong><\/p>\n<p>Pentotenato de calcio 6 mg<\/p>\n<p>Glicerofosfato de calcio 24 mg<\/p>\n<p>Vitamina B1 3.8 mg<\/p>\n<p>Vitamina B2 20 mg<\/p>\n<p>Vitamina B3 4 mg<\/p>\n<p>Vitamina B6 0.4 mg<\/p>\n<p>Vitamina B12 0.015 mg<\/p>\n<p>Vitamina C 24 mg<\/p>\n<p>L-carnitina 25 mg<\/p>\n<p>Taurina 80 mg<\/p>\n<p>Excipiente c.b.p 1 tableta<\/p>\n<p><strong>Uso en:<\/strong><\/p>\n<p><img src=\"http:\/\/www.plmconnection.com\/plmservices\/VetSearchEngine\/M%C3%A9xico\/PEV39\/img\/perro.png\" \/> <img src=\"http:\/\/www.plmconnection.com\/plmservices\/VetSearchEngine\/M%C3%A9xico\/PEV39\/img\/gato.png\" \/><\/p>\n<p><strong>V\u00eda de administraci\u00f3n:<\/strong><\/p>\n<p>Oral<\/p>\n<p><strong>Descripci\u00f3n:<\/strong><\/p>\n<p>Complejo vitam\u00ednico con amino\u00e1cidos para perros y gatos adultos.<\/p>\n<p>Fortex Tabletas est\u00e1 indicado en la prevenci\u00f3n y tratamiento de las deficiencias de L-carnitina, taurina y vitaminas, ocasionadas por: desnutrici\u00f3n, tratamientos quiroterap\u00e9uticos prolongados, estados de convalecencia por enfermedades o cirug\u00edas. Fortex Tabletas est\u00e1 indicado en aquellos animales sometidos a grandes esfuerzos f\u00edsicos, tambi\u00e9n puede administrarse en animales seniles o que presentan pobre estado corporal.<\/p>\n<p><strong>Dosis:<\/strong><\/p>\n<p>Gato o perro de talla peque\u00f1a: 1 tableta cada 3 d\u00edas, durante 21 d\u00edas (7 tomas). Perros de talla mediana: 1 tableta cada 2 d\u00edas, durante 21 d\u00edas (10-11 tomas). Perros de talla grande: 1 tableta diaria, durante 30 d\u00edas*.<\/p>\n<p>*Repetir el tratamiento cuando menos 4 veces al a\u00f1o. A criterio del M\u00e9dico Veterinario.<\/p>\n<p><strong>Advertencias:<\/strong><\/p>\n<p>La sobredosificaci\u00f3n y tratamientos prolongados pueden causar en animales j\u00f3venes el cierre epifisiario prematuro.<\/p>\n<p>De manera espor\u00e1dica, pueden presentarse reacciones de hipersensibilidad a cualquiera de los componentes de la f\u00f3rmula.<\/p>\n<p>Cons\u00e9rvese en un lugar fresco y seco.<\/p>\n<p>Mant\u00e9ngase fuera del alcance de los ni\u00f1os.<\/p>\n<p>Producto de uso exclusivamente veterinario.<\/p>\n","protected":false},"excerpt":{"rendered":"<p>Formula: Pentotenato de calcio 6 mg Glicerofosfato de calcio 24 mg Vitamina B1 3.8 mg Vitamina B2 20 mg Vitamina B3 4 mg Vitamina B6 0.4 mg Vitamina B12 0.015 mg Vitamina C 24 mg L-carnitina 25 mg Taurina 80 mg Excipiente c.b.p 1 tableta Uso en: V\u00eda de administraci\u00f3n: Oral Descripci\u00f3n: Complejo vitam\u00ednico con [&hellip;]<\/p>\n","protected":false},"featured_media":149,"comment_status":"open","ping_status":"closed","template":"","meta":{"_et_pb_use_builder":"","_et_pb_old_content":"","_et_gb_content_width":"","spay_email":""},"_links":{"self":[{"href":"https:\/\/farmaciaveterinarialaconquista.com\/index.php\/wp-json\/wp\/v2\/product\/107"}],"collection":[{"href":"https:\/\/farmaciaveterinarialaconquista.com\/index.php\/wp-json\/wp\/v2\/product"}],"about":[{"href":"https:\/\/farmaciaveterinarialaconquista.com\/index.php\/wp-json\/wp\/v2\/types\/product"}],"replies":[{"embeddable":true,"href":"https:\/\/farmaciaveterinarialaconquista.com\/index.php\/wp-json\/wp\/v2\/comments?post=107"}],"wp:featuredmedia":[{"embeddable":true,"href":"https:\/\/farmaciaveterinarialaconquista.com\/index.php\/wp-json\/wp\/v2\/media\/149"}],"wp:attachment":[{"href":"https:\/\/farmaciaveterinarialaconquista.com\/index.php\/wp-json\/wp\/v2\/media?parent=107"}],"curies":[{"name":"wp","href":"https:\/\/api.w.org\/{rel}","templated":true}]}}