{"id":1061,"date":"2025-03-17T15:57:57","date_gmt":"2025-03-17T21:57:57","guid":{"rendered":"http:\/\/farmaciaveterinarialaconquista.com\/?post_type=product&#038;p=1061"},"modified":"2026-02-05T13:03:21","modified_gmt":"2026-02-05T19:03:21","slug":"biotec-100-ml-inyectable","status":"publish","type":"product","link":"https:\/\/farmaciaveterinarialaconquista.com\/index.php\/producto\/biotec-100-ml-inyectable\/","title":{"rendered":"Biotec 100 ml inyectable"},"content":{"rendered":"<p><b><span style=\"font-size: 12pt;line-height: 17.12px;font-family: Arial, sans-serif;color: #2c9ffd\">Formula:<\/span><\/b><\/p>\n<p>Florfenicol<\/p>\n<p>Tilosina<\/p>\n<p class=\"MsoNormal\" style=\"font-size: medium;text-align: justify\"><b><span style=\"font-size: 12pt;line-height: 17.12px;font-family: Arial, sans-serif;color: #2c9ffd\">Uso en:<\/span><\/b><\/p>\n<p><img src=\"http:\/\/www.plmconnection.com\/plmservices\/VetSearchEngine\/M%C3%A9xico\/PEV39\/img\/gallo.png\" alt=\"gallo.png\" \/><\/p>\n<p class=\"MsoNormal\" style=\"font-size: medium;text-align: justify\"><b><span style=\"font-size: 12pt;line-height: 17.12px;font-family: Arial, sans-serif;color: #2c9ffd\">V\u00eda de administraci\u00f3n:<\/span><\/b><\/p>\n<p class=\"MsoNormal\" style=\"font-size: medium;text-align: justify\"><span style=\"font-size: 12pt;line-height: 17.12px;font-family: Arial, sans-serif\">Inyectable<\/span><\/p>\n<p class=\"MsoNormal\" style=\"font-size: medium;text-align: justify\"><b><span style=\"font-size: 12pt;line-height: 17.12px;font-family: Arial, sans-serif;color: #2c9ffd\">Descripci\u00f3n:<\/span><\/b><\/p>\n<p><span style=\"font-size: 12pt;line-height: 17.12px;font-family: Arial, sans-serif\"> Antibi\u00f3tico de amplio espectro indicado para el tratamiento de infecciones respiratorias causadas por microorganismos susceptibles al florfenicol y tilosina en aves.<\/span><\/p>\n<p><span style=\"font-size: 12pt;line-height: 17.12px;font-family: Arial, sans-serif\">La t\u00e9cnica m\u00e1s novedosa y efectiva contra corizas declaradas.\u00a0<\/span><\/p>\n<p class=\"MsoNormal\" style=\"font-size: medium;text-align: justify\"><span style=\"font-size: 12pt;line-height: 17.12px;font-family: Arial, sans-serif\">Cuando hay inflamaci\u00f3n nasal y p\u00f3mulos entumecidos e inflamados, con espuma en los ojos y catarro f\u00e9tido.<\/span><\/p>\n<p class=\"MsoNormal\" style=\"font-size: medium;text-align: justify\"><b><span style=\"font-size: 12pt;line-height: 17.12px;font-family: Arial, sans-serif;color: #2c9ffd\">Dosis:<\/span><\/b><\/p>\n<p class=\"MsoNormal\" style=\"font-size: medium;text-align: justify\">.20 de ml por kilogramo de peso corporal se recomienda administrar 3 aplicaciones con intervalos de 24 horas<\/p>\n<p class=\"MsoNormal\" style=\"font-size: medium;text-align: justify\"><b><span style=\"font-size: 12pt;line-height: 17.12px;font-family: Arial, sans-serif;color: #2c9ffd\">Advertencias:<\/span><\/b><\/p>\n<p class=\"MsoNormal\" style=\"font-size: medium;text-align: justify\"><span style=\"font-size: 12pt;line-height: 17.12px;font-family: Arial, sans-serif\">Producto para uso veterinario exclusivamente<\/span><\/p>\n<p class=\"MsoNormal\" style=\"font-size: medium;text-align: justify\"><span style=\"font-size: 12pt;line-height: 17.12px;font-family: Arial, sans-serif\">Cons\u00e9rvese en lugar fresco y seco protegido de la luz<\/span><\/p>\n<p>&nbsp;<\/p>\n<p><strong>Al hacer tu compra aseg\u00farate de enviar tu ticket al whatsap y si es recogida local aseg\u00farate de poderte trasladar a nuestra farmacia. Gracias<\/strong><\/p>\n","protected":false},"excerpt":{"rendered":"<p>Formula: Florfenicol Tilosina Uso en: V\u00eda de administraci\u00f3n: Inyectable Descripci\u00f3n: Antibi\u00f3tico de amplio espectro indicado para el tratamiento de infecciones respiratorias causadas por microorganismos susceptibles al florfenicol y tilosina en aves. La t\u00e9cnica m\u00e1s novedosa y efectiva contra corizas declaradas.\u00a0 Cuando hay inflamaci\u00f3n nasal y p\u00f3mulos entumecidos e inflamados, con espuma en los ojos y [&hellip;]<\/p>\n","protected":false},"featured_media":1063,"comment_status":"open","ping_status":"closed","template":"","meta":{"_et_pb_use_builder":"","_et_pb_old_content":"","_et_gb_content_width":"","spay_email":""},"_links":{"self":[{"href":"https:\/\/farmaciaveterinarialaconquista.com\/index.php\/wp-json\/wp\/v2\/product\/1061"}],"collection":[{"href":"https:\/\/farmaciaveterinarialaconquista.com\/index.php\/wp-json\/wp\/v2\/product"}],"about":[{"href":"https:\/\/farmaciaveterinarialaconquista.com\/index.php\/wp-json\/wp\/v2\/types\/product"}],"replies":[{"embeddable":true,"href":"https:\/\/farmaciaveterinarialaconquista.com\/index.php\/wp-json\/wp\/v2\/comments?post=1061"}],"wp:featuredmedia":[{"embeddable":true,"href":"https:\/\/farmaciaveterinarialaconquista.com\/index.php\/wp-json\/wp\/v2\/media\/1063"}],"wp:attachment":[{"href":"https:\/\/farmaciaveterinarialaconquista.com\/index.php\/wp-json\/wp\/v2\/media?parent=1061"}],"curies":[{"name":"wp","href":"https:\/\/api.w.org\/{rel}","templated":true}]}}