{"id":106,"date":"2020-04-10T02:23:44","date_gmt":"2020-04-10T07:23:44","guid":{"rendered":"http:\/\/farmaciaveterinarialaconquista.com\/index.php\/producto\/import-placeholder-for-346\/"},"modified":"2023-04-11T14:21:43","modified_gmt":"2023-04-11T19:21:43","slug":"ferregan-cc-20-ml","status":"publish","type":"product","link":"https:\/\/farmaciaveterinarialaconquista.com\/index.php\/producto\/ferregan-cc-20-ml\/","title":{"rendered":"Ferregan CC 20 ml"},"content":{"rendered":"<p><strong>F\u00f3rmula:<\/strong><\/p>\n<p>Hierro elemental (Dextr\u00e1n) 200 mg<\/p>\n<p>L &#8211; Carnitina 8 mg<\/p>\n<p>Selenito de Sodio 130 mcg<\/p>\n<p>Vitamina B12 200 mcg<\/p>\n<p>Veh\u00edculo, c.b.p. 1 ml<\/p>\n<p><strong>Uso en:<\/strong><\/p>\n<p><img src=\"http:\/\/www.plmconnection.com\/plmservices\/VetSearchEngine\/M%C3%A9xico\/PEV39\/img\/becerro.png\" alt=\"\" \/>\u00a0<img src=\"http:\/\/www.plmconnection.com\/plmservices\/VetSearchEngine\/M%C3%A9xico\/PEV39\/img\/oveja.png\" alt=\"\" \/>\u00a0<img src=\"http:\/\/www.plmconnection.com\/plmservices\/VetSearchEngine\/M%C3%A9xico\/PEV39\/img\/cabra.png\" alt=\"\" \/> <img src=\"http:\/\/www.plmconnection.com\/plmservices\/VetSearchEngine\/M%C3%A9xico\/PEV39\/img\/porcino1.png\" alt=\"\" \/><img src=\"http:\/\/www.plmconnection.com\/plmservices\/VetSearchEngine\/M%C3%A9xico\/PEV39\/img\/caballo1.png\" \/><\/p>\n<p><strong>V\u00eda de administraci\u00f3n:<\/strong><\/p>\n<p>Intramuscular<\/p>\n<p><strong>Descripci\u00f3n:<\/strong><\/p>\n<p>Soluci\u00f3n antian\u00e9mica para la prevenci\u00f3n y tratamiento de las anemias por deficiencias de hierro. Contiene L-Carnitina que reduce los niveles de triglic\u00e9ridos y colesterol en sangre. Aumenta la velocidad del proceso de generaci\u00f3n de energ\u00eda efectuado en el h\u00edgado a partir de grasas.<\/p>\n<p><strong>Dosis:<\/strong><\/p>\n<p>Lechones 1 ml al tercer d\u00eda de edad y repetir 1 ml a los 8 d\u00edas despu\u00e9s de la primera dosis.<\/p>\n<p>Bovinos administrar de 500 mg a 1 g\/animal. Equivalente 2.5 ml a 5 ml por animal<\/p>\n<p><strong>Advertencias:<\/strong><\/p>\n<p>No se deje al alcance de los ni\u00f1os.<\/p>\n<p>Mant\u00e9ngase a temperatura ambiente.<\/p>\n<p>Evitando la luz del sol directa y temperaturas altas.<\/p>\n","protected":false},"excerpt":{"rendered":"<p>F\u00f3rmula: Hierro elemental (Dextr\u00e1n) 200 mg L &#8211; Carnitina 8 mg Selenito de Sodio 130 mcg Vitamina B12 200 mcg Veh\u00edculo, c.b.p. 1 ml Uso en: \u00a0\u00a0 V\u00eda de administraci\u00f3n: Intramuscular Descripci\u00f3n: Soluci\u00f3n antian\u00e9mica para la prevenci\u00f3n y tratamiento de las anemias por deficiencias de hierro. Contiene L-Carnitina que reduce los niveles de triglic\u00e9ridos y [&hellip;]<\/p>\n","protected":false},"featured_media":148,"comment_status":"open","ping_status":"closed","template":"","meta":{"_et_pb_use_builder":"","_et_pb_old_content":"","_et_gb_content_width":"","spay_email":""},"_links":{"self":[{"href":"https:\/\/farmaciaveterinarialaconquista.com\/index.php\/wp-json\/wp\/v2\/product\/106"}],"collection":[{"href":"https:\/\/farmaciaveterinarialaconquista.com\/index.php\/wp-json\/wp\/v2\/product"}],"about":[{"href":"https:\/\/farmaciaveterinarialaconquista.com\/index.php\/wp-json\/wp\/v2\/types\/product"}],"replies":[{"embeddable":true,"href":"https:\/\/farmaciaveterinarialaconquista.com\/index.php\/wp-json\/wp\/v2\/comments?post=106"}],"wp:featuredmedia":[{"embeddable":true,"href":"https:\/\/farmaciaveterinarialaconquista.com\/index.php\/wp-json\/wp\/v2\/media\/148"}],"wp:attachment":[{"href":"https:\/\/farmaciaveterinarialaconquista.com\/index.php\/wp-json\/wp\/v2\/media?parent=106"}],"curies":[{"name":"wp","href":"https:\/\/api.w.org\/{rel}","templated":true}]}}