{"id":105,"date":"2020-04-10T02:23:44","date_gmt":"2020-04-10T07:23:44","guid":{"rendered":"http:\/\/farmaciaveterinarialaconquista.com\/index.php\/producto\/import-placeholder-for-345\/"},"modified":"2024-11-18T18:06:12","modified_gmt":"2024-11-19T00:06:12","slug":"febentel-al-4-sobre-de-12-5-grs","status":"publish","type":"product","link":"https:\/\/farmaciaveterinarialaconquista.com\/index.php\/producto\/febentel-al-4-sobre-de-12-5-grs\/","title":{"rendered":"Febentel al 4 %  sobre de 12.5 grs"},"content":{"rendered":"<p><strong>F\u00f3rmula:<\/strong><\/p>\n<p>Fenbendazol 0.04 g<\/p>\n<p>Excipiente, c.b.p. 1 g.<\/p>\n<p><strong>Uso en:<\/strong><\/p>\n<p><span class=\"imgIpp\"><img src=\"http:\/\/www.plmconnection.com\/plmservices\/VetSearchEngine\/M%C3%A9xico\/PEV39\/img\/porcino.png\" alt=\"\" \/>\u00a0<img src=\"http:\/\/www.plmconnection.com\/plmservices\/VetSearchEngine\/M%C3%A9xico\/PEV39\/img\/gallina.png\" alt=\"\" \/>\u00a0<img src=\"http:\/\/www.plmconnection.com\/plmservices\/VetSearchEngine\/M%C3%A9xico\/PEV39\/img\/gallina1.png\" alt=\"\" \/>\u00a0<\/span><span class=\"imgIpp\"><img src=\"http:\/\/www.plmconnection.com\/plmservices\/VetSearchEngine\/M%C3%A9xico\/PEV39\/img\/pato.png\" alt=\"\" \/>\u00a0<img src=\"http:\/\/www.plmconnection.com\/plmservices\/VetSearchEngine\/M%C3%A9xico\/PEV39\/img\/pavo.png\" alt=\"\" \/>\u00a0<\/span><span class=\"imgIpp\"><img src=\"http:\/\/www.plmconnection.com\/plmservices\/VetSearchEngine\/M%C3%A9xico\/PEV39\/img\/gallo.png\" alt=\"\" \/>\u00a0<\/span><\/p>\n<p>Y aves de postura.<\/p>\n<p><strong>V\u00eda de administraci\u00f3n:<\/strong><\/p>\n<p>Oral, mezclado con el alimento.<\/p>\n<p><strong>Descripci\u00f3n:<\/strong><\/p>\n<p>FEBENTEL AL 4% POLVO es un desparasitante de amplio espectro efectivo contra nematodos (gatrointestinales, pulmonares y renales) y cestodos. Con acci\u00f3n larvicida y contra fases adultas, lo que evita la reinfestaci\u00f3n. FEBENTEL AL 4% POLVO por su inocuidad, confiabilidad y amplio margen terap\u00e9utico puede ser usado en cualquier etapa de crecimiento de los animales y en cerdas gestantes, sin causar trastornos embriol\u00f3gicos o teratog\u00e9nicos aun en sobredosis.<\/p>\n<p><strong>Dosis:<\/strong><\/p>\n<p>Cerdos: Un sobre por cada 4 cerdos de 25 kg o un cerdo de 100 kg.<\/p>\n<p>En gallina de postura, pollo de engorda, pavos y gallos de pelea suministrar a una dosis de 10-50 mg\/kg PC durante 3 a 5 d\u00edas, o mezclar 2 sobres FEBENTEL AL 4% Polvo en el alimento que consuman en 1 d\u00eda 10 aves.<\/p>\n<p>En patos dosificar a raz\u00f3n de 10 a 20 mg\/kg PC.<\/p>\n<p><strong>Advertencias:<\/strong><\/p>\n<p>No se administre este producto 5 d\u00edas antes del sacrificio de los animales destinados al consumo humano.<\/p>\n<p>Tiempo de supresi\u00f3n: Pueden tratarse cerdas gestantes.<\/p>\n<p>En gallina de postura: 3 d\u00edas.<\/p>\n<p>Uso veterinario.<\/p>\n<p>Su venta requiere receta m\u00e9dica.<\/p>\n<p>Consulte al M\u00e9dico Veterinario.<\/p>\n<p>Este producto es de uso exclusivo veterinario.<\/p>\n<p>Mant\u00e9ngase fuera del alcance de los ni\u00f1os.<\/p>\n<p>Cons\u00e9rvese en un lugar fresco y seco, alejado de la luz del sol.<\/p>\n<p>Mantener a temperatura entre 15 y 30\u00b0C.<\/p>\n","protected":false},"excerpt":{"rendered":"<p>F\u00f3rmula: Fenbendazol 0.04 g Excipiente, c.b.p. 1 g. Uso en: \u00a0\u00a0\u00a0\u00a0\u00a0\u00a0 Y aves de postura. V\u00eda de administraci\u00f3n: Oral, mezclado con el alimento. Descripci\u00f3n: FEBENTEL AL 4% POLVO es un desparasitante de amplio espectro efectivo contra nematodos (gatrointestinales, pulmonares y renales) y cestodos. Con acci\u00f3n larvicida y contra fases adultas, lo que evita la reinfestaci\u00f3n. [&hellip;]<\/p>\n","protected":false},"featured_media":147,"comment_status":"open","ping_status":"closed","template":"","meta":{"_et_pb_use_builder":"","_et_pb_old_content":"","_et_gb_content_width":"","spay_email":""},"_links":{"self":[{"href":"https:\/\/farmaciaveterinarialaconquista.com\/index.php\/wp-json\/wp\/v2\/product\/105"}],"collection":[{"href":"https:\/\/farmaciaveterinarialaconquista.com\/index.php\/wp-json\/wp\/v2\/product"}],"about":[{"href":"https:\/\/farmaciaveterinarialaconquista.com\/index.php\/wp-json\/wp\/v2\/types\/product"}],"replies":[{"embeddable":true,"href":"https:\/\/farmaciaveterinarialaconquista.com\/index.php\/wp-json\/wp\/v2\/comments?post=105"}],"wp:featuredmedia":[{"embeddable":true,"href":"https:\/\/farmaciaveterinarialaconquista.com\/index.php\/wp-json\/wp\/v2\/media\/147"}],"wp:attachment":[{"href":"https:\/\/farmaciaveterinarialaconquista.com\/index.php\/wp-json\/wp\/v2\/media?parent=105"}],"curies":[{"name":"wp","href":"https:\/\/api.w.org\/{rel}","templated":true}]}}